{"id":10308,"date":"2018-05-23T19:39:33","date_gmt":"2018-05-23T18:39:33","guid":{"rendered":"https:\/\/www.worldpolicyconference.com\/?page_id=10308"},"modified":"2019-03-14T12:04:21","modified_gmt":"2019-03-14T11:04:21","slug":"conference-venuewpc-2018","status":"publish","type":"page","link":"https:\/\/www.worldpolicyconference.com\/fr\/conference-venuewpc-2018\/","title":{"rendered":"Lieu de la conf\u00e9rence <br\/>WPC 2018"},"content":{"rendered":"<p><\/p>\n<h1>Rabat<\/h1>\n<p class=\"text-justify\">Rabat est la capitale du Royaume du Maroc et deuxi\u00e8me agglom\u00e9ration du pays apr\u00e8s Casablanca. Elle se situe au bord de l&rsquo;Atlantique, sur la rive sud de l&#8217;embouchure du Bouregreg, en face de la ville de Sal\u00e9, sa \u00ab ville jumelle \u00bb et compte quelques 1,6 million d\u2019habitants.<\/p>\n<p class=\"text-justify\">Fond\u00e9e en 1150 par les Almohades, Rabat devient une ville imp\u00e9riale sous le r\u00e8gne du sultan Mohammed III (1757-1790). Durant le Protectorat fran\u00e7ais est con\u00e7ue la \u00ab\u00a0Ville nouvelle\u00a0\u00bb, qui comprend notamment la r\u00e9sidence royale, des administrations coloniales et le jardin d\u2019essais \u2013 inscrite sur la liste du patrimoine mondial de l&rsquo;UNESCO en tant que bien culturel depuis 2012. Les parties anciennes abritent la mosqu\u00e9e Hassan ainsi que les remparts et portes almohades. On y trouve aussi des vestiges de la principaut\u00e9 morisque, ou andalouse, datant du XVIIe si\u00e8cle.<\/p>\n<p class=\"text-justify\">Ces derni\u00e8res ann\u00e9es, la ville de Rabat s\u2019est impos\u00e9e comme centre d&rsquo;affaires, profitant de la restructuration et de la r\u00e9organisation des administrations publiques, et comme destination touristique privil\u00e9gi\u00e9e.<\/p>\n<h1>Sofitel Rabat Jardin des Roses<\/h1>\n<p class=\"text-justify\"><strong>Le Sofitel Rabat jardin des Roses<\/strong> accueillera la 11\u00e8me \u00e9dition de la World Policy Conference. Il est situ\u00e9 pr\u00e8s du Palais Royal, au c\u0153ur d&rsquo;un jardin andalou de 7 hectares.<\/p>\n<h3><i class=\"fa fa-map-marker fa-lg fa-2x\" style=\"color: #2980b9; margin-right: 5px;\"><\/i> Adresse<\/h3>\n<p>BP 450 Souissi<br \/>\n10000 Rabat<br \/>\nMAROC<\/p>\n<h3><i class=\"fa fa-phone fa-lg fa-2x\" style=\"color: #2980b9; margin-right: 5px;\"><\/i> T\u00e9l\u00e9phone<\/h3>\n<p>+212 537-675656<\/p>","protected":false},"excerpt":{"rendered":"<p>Rabat Rabat est la capitale du Royaume du Maroc et deuxi\u00e8me agglom\u00e9ration du pays apr\u00e8s Casablanca. Elle se situe au bord de l&rsquo;Atlantique, sur la rive sud de l&#8217;embouchure du<\/p>\n","protected":false},"author":1,"featured_media":10304,"parent":0,"menu_order":0,"comment_status":"closed","ping_status":"closed","template":"templates\/template-basic-split.php","meta":{"footnotes":""},"class_list":["post-10308","page","type-page","status-publish","has-post-thumbnail","hentry"],"_links":{"self":[{"href":"https:\/\/www.worldpolicyconference.com\/fr\/wp-json\/wp\/v2\/pages\/10308","targetHints":{"allow":["GET"]}}],"collection":[{"href":"https:\/\/www.worldpolicyconference.com\/fr\/wp-json\/wp\/v2\/pages"}],"about":[{"href":"https:\/\/www.worldpolicyconference.com\/fr\/wp-json\/wp\/v2\/types\/page"}],"author":[{"embeddable":true,"href":"https:\/\/www.worldpolicyconference.com\/fr\/wp-json\/wp\/v2\/users\/1"}],"replies":[{"embeddable":true,"href":"https:\/\/www.worldpolicyconference.com\/fr\/wp-json\/wp\/v2\/comments?post=10308"}],"version-history":[{"count":0,"href":"https:\/\/www.worldpolicyconference.com\/fr\/wp-json\/wp\/v2\/pages\/10308\/revisions"}],"wp:featuredmedia":[{"embeddable":true,"href":"https:\/\/www.worldpolicyconference.com\/fr\/wp-json\/wp\/v2\/media\/10304"}],"wp:attachment":[{"href":"https:\/\/www.worldpolicyconference.com\/fr\/wp-json\/wp\/v2\/media?parent=10308"}],"curies":[{"name":"wp","href":"https:\/\/api.w.org\/{rel}","templated":true}]}}