{"id":12,"date":"2014-03-30T01:34:16","date_gmt":"2014-03-30T00:34:16","guid":{"rendered":"http:\/\/www.worldpolicyconference.com\/?page_id=12"},"modified":"2018-05-23T20:03:21","modified_gmt":"2018-05-23T19:03:21","slug":"the-world-policy-conference-mission","status":"publish","type":"page","link":"https:\/\/www.worldpolicyconference.com\/fr\/the-world-policy-conference-mission\/","title":{"rendered":"La mission de la World Policy Conference"},"content":{"rendered":"<p><iframe width=\"853\" height=\"480\" src=\"https:\/\/www.youtube.com\/embed\/B-1oohPvYOI?feature=oembed\" frameborder=\"0\" allow=\"autoplay; encrypted-media\" allowfullscreen><\/iframe><\/p>\n<p style=\"text-align: justify;\">Fond\u00e9e en 2008, la <em>World Policy Conference<\/em> (WPC) a pour mission de contribuer \u00e0 promouvoir un monde plus ouvert, plus prosp\u00e8re et plus juste. Cela suppose un effort permanent pour comprendre la r\u00e9alit\u00e9 des forces en jeu et leurs interactions, et pour r\u00e9fl\u00e9chir \u00e0 l\u2019adaptation pacifique de l\u2019organisation des rapports inter\u00e9tatiques \u00e0 tous les niveaux, dans le respect de la culture et des int\u00e9r\u00eats fondamentaux de chaque nation.<\/p>\n<p style=\"text-align: justify;\">La r\u00e9union annuelle de la WPC a une taille limit\u00e9e, pour permettre aux participants de d\u00e9velopper entre eux des liens durables. Elle rassemble des personnalit\u00e9s de haut niveau, originaires des cinq continents &#8211; dirigeants politiques et \u00e9conomiques, chercheurs et journalistes &#8211; dans l\u2019esprit de tol\u00e9rance seul propice \u00e0 la recherche du bien commun. Au-del\u00e0 des participants, cette r\u00e9union a pour but d\u2019aider tous les publics concern\u00e9s \u00e0 une \u00e9poque de bouleversements incessants.<\/p>\n<p><\/p>","protected":false},"excerpt":{"rendered":"<p>Fond\u00e9e en 2008, la World Policy Conference (WPC) a pour mission de contribuer \u00e0 promouvoir un monde plus ouvert, plus prosp\u00e8re et plus juste. Cela suppose un effort permanent pour<\/p>\n","protected":false},"author":1,"featured_media":0,"parent":0,"menu_order":0,"comment_status":"open","ping_status":"open","template":"templates\/template-basic-split.php","meta":{"footnotes":""},"class_list":["post-12","page","type-page","status-publish","hentry"],"_links":{"self":[{"href":"https:\/\/www.worldpolicyconference.com\/fr\/wp-json\/wp\/v2\/pages\/12","targetHints":{"allow":["GET"]}}],"collection":[{"href":"https:\/\/www.worldpolicyconference.com\/fr\/wp-json\/wp\/v2\/pages"}],"about":[{"href":"https:\/\/www.worldpolicyconference.com\/fr\/wp-json\/wp\/v2\/types\/page"}],"author":[{"embeddable":true,"href":"https:\/\/www.worldpolicyconference.com\/fr\/wp-json\/wp\/v2\/users\/1"}],"replies":[{"embeddable":true,"href":"https:\/\/www.worldpolicyconference.com\/fr\/wp-json\/wp\/v2\/comments?post=12"}],"version-history":[{"count":0,"href":"https:\/\/www.worldpolicyconference.com\/fr\/wp-json\/wp\/v2\/pages\/12\/revisions"}],"wp:attachment":[{"href":"https:\/\/www.worldpolicyconference.com\/fr\/wp-json\/wp\/v2\/media?parent=12"}],"curies":[{"name":"wp","href":"https:\/\/api.w.org\/{rel}","templated":true}]}}