{"id":12044,"date":"2019-03-14T12:09:44","date_gmt":"2019-03-14T11:09:44","guid":{"rendered":"https:\/\/www.worldpolicyconference.com\/?page_id=12044"},"modified":"2019-03-15T13:16:32","modified_gmt":"2019-03-15T12:16:32","slug":"conference-venue-2019","status":"publish","type":"page","link":"https:\/\/www.worldpolicyconference.com\/fr\/conference-venue-2019\/","title":{"rendered":"Lieu de la conf\u00e9rence <br\/>WPC 2019"},"content":{"rendered":"<p><\/p>\n<h1>Marrakech<\/h1>\n<p class=\"text-justify\">Marrakech est l\u2019une des quatre villes imp\u00e9riales du Maroc. Log\u00e9e au c\u0153ur de la plaine irrigu\u00e9e d\u2019Haouz et au sud du fleuve Tensift, c\u2019est la quatri\u00e8me ville du pays par sa population, apr\u00e8s Casablanca, Rabat et F\u00e8s. <\/p>\n<p class=\"text-justify\">Fond\u00e9e en 1062 par le Roi Youssef Ibn Tachfine, elle fut la capitale du pays sous les dynasties almoravide, almohade et saadienne, dont le r\u00e8gne s\u2019\u00e9tendait jusqu\u2019\u00e0 l\u2019Afrique du Nord et l\u2019Andalousie. Le centre historique de la ville, appel\u00e9 M\u00e9dina, est class\u00e9 au patrimoine mondial de l\u2019UNESCO depuis 1985. Construite en terre rouge, la M\u00e9dina a donn\u00e9 son surnom de \u00ab Ville Rouge \u00bb \u00e0 Marrakech. La ville moderne, quant \u00e0 elle, concentre l\u2019essentiel de son activit\u00e9 \u00e9conomique dans le quartier de Gu\u00e9liz.<\/p>\n<p class=\"text-justify\">Sa situation g\u00e9ographique, au carrefour de la r\u00e9gion montagneuse du Haut Atlas et du Sahara, fait de Marrakech une grande place commer\u00e7ante du pays. Egalement r\u00e9put\u00e9e pour la richesse de son patrimoine culturel et ses sports d\u2019hiver, la ville est une capitale touristique incontournable. Elle abrite un a\u00e9roport international et est reli\u00e9e par les voies ferroviaires aux villes de Saf\u012b et Casablanca.<\/p>\n<h1>Four Seasons<\/h1>\n<p class=\"text-justify\"><strong>Le Four Seasons Resort Marrakech<\/strong> accueillera la 12e \u00e9dition de la World Policy Conference. Il est situ\u00e9 pr\u00e8s du quartier historique de la M\u00e9dina.  <\/p>\n<h3><i class=\"fa fa-map-marker fa-lg fa-2x\" style=\"color: #2980b9; margin-right: 5px;\"><\/i> Adresse<\/h3>\n<p>Four Seasons Resort Marrakesh<br \/>\n1 Avenue de la Menara<br \/>\nMarrakech, 40000<br \/>\nMaroc<\/p>\n<h3><i class=\"fa fa-phone fa-lg fa-2x\" style=\"color: #2980b9; margin-right: 5px;\"><\/i> T\u00e9l\u00e9phone<\/h3>\n<p>(+212) 524 359 200<\/p>","protected":false},"excerpt":{"rendered":"<p>Marrakech Marrakech est l\u2019une des quatre villes imp\u00e9riales du Maroc. Log\u00e9e au c\u0153ur de la plaine irrigu\u00e9e d\u2019Haouz et au sud du fleuve Tensift, c\u2019est la quatri\u00e8me ville du pays<\/p>\n","protected":false},"author":1,"featured_media":12045,"parent":0,"menu_order":0,"comment_status":"closed","ping_status":"closed","template":"templates\/template-basic-split.php","meta":{"footnotes":""},"class_list":["post-12044","page","type-page","status-publish","has-post-thumbnail","hentry"],"_links":{"self":[{"href":"https:\/\/www.worldpolicyconference.com\/fr\/wp-json\/wp\/v2\/pages\/12044","targetHints":{"allow":["GET"]}}],"collection":[{"href":"https:\/\/www.worldpolicyconference.com\/fr\/wp-json\/wp\/v2\/pages"}],"about":[{"href":"https:\/\/www.worldpolicyconference.com\/fr\/wp-json\/wp\/v2\/types\/page"}],"author":[{"embeddable":true,"href":"https:\/\/www.worldpolicyconference.com\/fr\/wp-json\/wp\/v2\/users\/1"}],"replies":[{"embeddable":true,"href":"https:\/\/www.worldpolicyconference.com\/fr\/wp-json\/wp\/v2\/comments?post=12044"}],"version-history":[{"count":0,"href":"https:\/\/www.worldpolicyconference.com\/fr\/wp-json\/wp\/v2\/pages\/12044\/revisions"}],"wp:featuredmedia":[{"embeddable":true,"href":"https:\/\/www.worldpolicyconference.com\/fr\/wp-json\/wp\/v2\/media\/12045"}],"wp:attachment":[{"href":"https:\/\/www.worldpolicyconference.com\/fr\/wp-json\/wp\/v2\/media?parent=12044"}],"curies":[{"name":"wp","href":"https:\/\/api.w.org\/{rel}","templated":true}]}}