{"id":12573,"date":"2019-09-19T09:13:31","date_gmt":"2019-09-19T08:13:31","guid":{"rendered":"https:\/\/www.worldpolicyconference.com\/?page_id=12573"},"modified":"2019-09-23T17:26:08","modified_gmt":"2019-09-23T16:26:08","slug":"2019-media-room","status":"publish","type":"page","link":"https:\/\/www.worldpolicyconference.com\/fr\/2019-media-room\/","title":{"rendered":"Espace Presse 2019"},"content":{"rendered":"<p><\/p>\n<div style=\"font-weight: 300; font-size: 20px; text-align: center;\">Bienvenue dans l\u2019espace presse de la World Policy Conference de\u0301die\u0301 aux journalistes.<\/div>\n<div style=\"font-weight: 300; font-size: 20px; text-align: center; margin-top: 10px; margin-bottom: 40px;\">Vous y trouverez toutes les informations ne\u0301cessaires a\u0300 la couverture me\u0301diatique de l\u2019e\u0301ve\u0300nement.<\/div>\n<p><div class=\"main-container small\"><div class=\"featured-post\"><div class=\"grid-noGutter grid-2_xs-1 grid-2_sm-1 \"><div class=\"col\" style=\"border-top: 3px solid #ecf0f1; border-left: 3px solid #ecf0f1;\"><div class=\"featured-image\"><img fetchpriority=\"high\" decoding=\"async\" width=\"600\" height=\"600\" src=\"https:\/\/www.worldpolicyconference.com\/wp-content\/uploads\/2019\/09\/2019_press_kit_fr.png\" class=\"img-featured wp-post-image\"><\/div><\/div><div class=\"col\"><div class=\"featured-content-container \"><div class=\"featured-title\">Dossier de presse 2019<\/div><div class=\"featured-content\"><\/div><a class=\"featured-link\" target=\"_blank\" href=\"https:\/\/www.worldpolicyconference.com\/wp-content\/uploads\/2019\/09\/FR-Dossier-de-presse-20.09.pdf\">T\u00e9l\u00e9charger<span class=\"fa fa-angle-right mgl-5\"><\/span><\/a><\/div><\/div><\/div><\/div><\/div><div class=\"main-container small\"><div class=\"featured-post\"><div class=\"grid-noGutter grid-2_xs-1 grid-2_sm-1 grid-reverse\"><div class=\"col\" style=\"\"><div class=\"featured-image\"><img decoding=\"async\" width=\"500\" height=\"500\" src=\"https:\/\/www.worldpolicyconference.com\/wp-content\/uploads\/2019\/09\/2019_participants.png\" class=\"img-featured wp-post-image\" alt=\"2019_participants\" title=\"Participants 2019\" srcset=\"https:\/\/www.worldpolicyconference.com\/wp-content\/uploads\/2019\/09\/2019_participants.png 500w, https:\/\/www.worldpolicyconference.com\/wp-content\/uploads\/2019\/09\/2019_participants-150x150.png 150w, https:\/\/www.worldpolicyconference.com\/wp-content\/uploads\/2019\/09\/2019_participants-300x300.png 300w, https:\/\/www.worldpolicyconference.com\/wp-content\/uploads\/2019\/09\/2019_participants-100x100.png 100w\" sizes=\"100vw\" \/><\/div><\/div><div class=\"col\"><div class=\"featured-content-container \"><div class=\"featured-title\">Participants 2019<\/div><div class=\"featured-content\">La WPC r\u00e9unit des d\u00e9cideurs, chercheurs et leaders d\u2019opinion de haut niveau qui sont principalement choisis en fonction de leurs comp\u00e9tences et de leur rayonnement international. Nous veillons \u00e9galement \u00e0 respecter les \u00e9quilibres naturels entre r\u00e9gions et cultures.<\/div><a class=\"featured-link\" href=\"https:\/\/www.worldpolicyconference.com\/fr\/2019-invited-guests\/\">Consulter<span class=\"fa fa-angle-right mgl-5\"><\/span><\/a><\/div><\/div><\/div><\/div><\/div><div class=\"main-container small\"><div class=\"featured-post\"><div class=\"grid-noGutter grid-2_xs-1 grid-2_sm-1 \"><div class=\"col\" style=\"\"><div class=\"featured-image\"><img decoding=\"async\" width=\"525\" height=\"525\" src=\"https:\/\/www.worldpolicyconference.com\/wp-content\/uploads\/2019\/03\/savethedate_2019_square.jpg\" class=\"img-featured wp-post-image\" alt=\"\" title=\"Lieu de la conf\u00e9rence &lt;br\/&gt;WPC 2019\" srcset=\"https:\/\/www.worldpolicyconference.com\/wp-content\/uploads\/2019\/03\/savethedate_2019_square.jpg 600w, https:\/\/www.worldpolicyconference.com\/wp-content\/uploads\/2019\/03\/savethedate_2019_square-150x150.jpg 150w, https:\/\/www.worldpolicyconference.com\/wp-content\/uploads\/2019\/03\/savethedate_2019_square-300x300.jpg 300w, https:\/\/www.worldpolicyconference.com\/wp-content\/uploads\/2019\/03\/savethedate_2019_square-100x100.jpg 100w\" sizes=\"100vw\" \/><\/div><\/div><div class=\"col\"><div class=\"featured-content-container \"><div class=\"featured-title\">Lieu de la conf\u00e9rence <br\/>WPC 2019<\/div><div class=\"featured-content\">C\u2019est la quatri\u00e8me fois que Marrakech accueille la World Policy Conference (2009 - 2010 - 2017).<\/div><a class=\"featured-link\" href=\"https:\/\/www.worldpolicyconference.com\/fr\/conference-venue-2019\/\">Lire la suite<span class=\"fa fa-angle-right mgl-5\"><\/span><\/a><\/div><\/div><\/div><\/div><\/div><div class=\"main-container small\"><div class=\"featured-post\"><div class=\"grid-noGutter grid-2_xs-1 grid-2_sm-1 grid-reverse\"><div class=\"col\" style=\"\"><div class=\"featured-image\"><img loading=\"lazy\" decoding=\"async\" width=\"525\" height=\"525\" src=\"https:\/\/www.worldpolicyconference.com\/wp-content\/uploads\/2018\/05\/twitter.png\" class=\"img-featured wp-post-image\" alt=\"\" title=\"Conf\u00e9rence en live sur Twitter\" srcset=\"https:\/\/www.worldpolicyconference.com\/wp-content\/uploads\/2018\/05\/twitter.png 530w, https:\/\/www.worldpolicyconference.com\/wp-content\/uploads\/2018\/05\/twitter-150x150.png 150w, https:\/\/www.worldpolicyconference.com\/wp-content\/uploads\/2018\/05\/twitter-300x300.png 300w, https:\/\/www.worldpolicyconference.com\/wp-content\/uploads\/2018\/05\/twitter-100x100.png 100w\" sizes=\"100vw\" \/><\/div><\/div><div class=\"col\"><div class=\"featured-content-container \"><div class=\"featured-title\">Conf\u00e9rence en live sur Twitter<\/div><div class=\"featured-content\"><\/div><a class=\"featured-link\" target=\"_blank\" href=\"https:\/\/twitter.com\/WorldPolicyConf\">Suivre<span class=\"fa fa-angle-right mgl-5\"><\/span><\/a><\/div><\/div><\/div><\/div><\/div><div class=\"main-container small\"><div class=\"featured-post\"><div class=\"grid-noGutter grid-2_xs-1 grid-2_sm-1 \"><div class=\"col\" style=\"\"><div class=\"featured-image\"><img loading=\"lazy\" decoding=\"async\" width=\"500\" height=\"500\" src=\"https:\/\/www.worldpolicyconference.com\/wp-content\/uploads\/2019\/09\/Instagram-@WorldPolicyConf.png\" class=\"img-featured wp-post-image\" alt=\"\" title=\"Conf\u00e9rence en live sur Instagram\" srcset=\"https:\/\/www.worldpolicyconference.com\/wp-content\/uploads\/2019\/09\/Instagram-@WorldPolicyConf.png 500w, https:\/\/www.worldpolicyconference.com\/wp-content\/uploads\/2019\/09\/Instagram-@WorldPolicyConf-150x150.png 150w, https:\/\/www.worldpolicyconference.com\/wp-content\/uploads\/2019\/09\/Instagram-@WorldPolicyConf-300x300.png 300w, https:\/\/www.worldpolicyconference.com\/wp-content\/uploads\/2019\/09\/Instagram-@WorldPolicyConf-100x100.png 100w\" sizes=\"100vw\" \/><\/div><\/div><div class=\"col\"><div class=\"featured-content-container \"><div class=\"featured-title\">Conf\u00e9rence en live sur Instagram<\/div><div class=\"featured-content\"><\/div><a class=\"featured-link\" target=\"_blank\" href=\"https:\/\/www.instagram.com\/worldpolicyconf\">Suivre<span class=\"fa fa-angle-right mgl-5\"><\/span><\/a><\/div><\/div><\/div><\/div><\/div><div class=\"main-container small\"><div class=\"featured-post\"><div class=\"grid-noGutter grid-2_xs-1 grid-2_sm-1 grid-reverse\"><div class=\"col\" style=\"border-right: 3px solid #ecf0f1;\"><div class=\"featured-image\"><img loading=\"lazy\" decoding=\"async\" width=\"500\" height=\"500\" src=\"https:\/\/www.worldpolicyconference.com\/wp-content\/uploads\/2018\/10\/wpctv.png\" class=\"img-featured wp-post-image\" alt=\"\" title=\"Conf\u00e9rence en live sur YouTube\" srcset=\"https:\/\/www.worldpolicyconference.com\/wp-content\/uploads\/2018\/10\/wpctv.png 500w, https:\/\/www.worldpolicyconference.com\/wp-content\/uploads\/2018\/10\/wpctv-150x150.png 150w, https:\/\/www.worldpolicyconference.com\/wp-content\/uploads\/2018\/10\/wpctv-300x300.png 300w, https:\/\/www.worldpolicyconference.com\/wp-content\/uploads\/2018\/10\/wpctv-100x100.png 100w\" sizes=\"100vw\" \/><\/div><\/div><div class=\"col\"><div class=\"featured-content-container \"><div class=\"featured-title\">Conf\u00e9rence en live sur YouTube<\/div><div class=\"featured-content\"><\/div><a class=\"featured-link\" target=\"_blank\" href=\"https:\/\/www.youtube.com\/user\/contentwpctv\">Regarder<span class=\"fa fa-angle-right mgl-5\"><\/span><\/a><\/div><\/div><\/div><\/div><\/div><div class=\"main-container small\"><div class=\"featured-post\"><div class=\"grid-noGutter grid-2_xs-1 grid-2_sm-1 \"><div class=\"col\" style=\"\"><div class=\"featured-image\"><img loading=\"lazy\" decoding=\"async\" width=\"500\" height=\"500\" src=\"https:\/\/www.worldpolicyconference.com\/wp-content\/uploads\/2019\/09\/photo_gallery_2019.png\" class=\"img-featured wp-post-image\" alt=\"\" title=\"Galerie Photos\" srcset=\"https:\/\/www.worldpolicyconference.com\/wp-content\/uploads\/2019\/09\/photo_gallery_2019.png 500w, https:\/\/www.worldpolicyconference.com\/wp-content\/uploads\/2019\/09\/photo_gallery_2019-150x150.png 150w, https:\/\/www.worldpolicyconference.com\/wp-content\/uploads\/2019\/09\/photo_gallery_2019-300x300.png 300w, https:\/\/www.worldpolicyconference.com\/wp-content\/uploads\/2019\/09\/photo_gallery_2019-100x100.png 100w\" sizes=\"100vw\" \/><\/div><\/div><div class=\"col\"><div class=\"featured-content-container \"><div class=\"featured-title\">Galerie Photos<\/div><div class=\"featured-content\"><\/div><a class=\"featured-link\" href=\"https:\/\/www.worldpolicyconference.com\/fr\/2019-photo-gallery\/\">T\u00e9l\u00e9charger<span class=\"fa fa-angle-right mgl-5\"><\/span><\/a><\/div><\/div><\/div><\/div><\/div><\/p>","protected":false},"excerpt":{"rendered":"<p>Bienvenue dans l\u2019espace presse de la World Policy Conference de\u0301die\u0301 aux journalistes. Vous y trouverez toutes les informations ne\u0301cessaires a\u0300 la couverture me\u0301diatique de l\u2019e\u0301ve\u0300nement.<\/p>\n","protected":false},"author":1,"featured_media":11715,"parent":0,"menu_order":0,"comment_status":"open","ping_status":"open","template":"templates\/template-basic-split.php","meta":{"footnotes":""},"class_list":["post-12573","page","type-page","status-publish","has-post-thumbnail","hentry"],"_links":{"self":[{"href":"https:\/\/www.worldpolicyconference.com\/fr\/wp-json\/wp\/v2\/pages\/12573","targetHints":{"allow":["GET"]}}],"collection":[{"href":"https:\/\/www.worldpolicyconference.com\/fr\/wp-json\/wp\/v2\/pages"}],"about":[{"href":"https:\/\/www.worldpolicyconference.com\/fr\/wp-json\/wp\/v2\/types\/page"}],"author":[{"embeddable":true,"href":"https:\/\/www.worldpolicyconference.com\/fr\/wp-json\/wp\/v2\/users\/1"}],"replies":[{"embeddable":true,"href":"https:\/\/www.worldpolicyconference.com\/fr\/wp-json\/wp\/v2\/comments?post=12573"}],"version-history":[{"count":0,"href":"https:\/\/www.worldpolicyconference.com\/fr\/wp-json\/wp\/v2\/pages\/12573\/revisions"}],"wp:featuredmedia":[{"embeddable":true,"href":"https:\/\/www.worldpolicyconference.com\/fr\/wp-json\/wp\/v2\/media\/11715"}],"wp:attachment":[{"href":"https:\/\/www.worldpolicyconference.com\/fr\/wp-json\/wp\/v2\/media?parent=12573"}],"curies":[{"name":"wp","href":"https:\/\/api.w.org\/{rel}","templated":true}]}}