{"id":13559,"date":"2020-05-27T12:42:20","date_gmt":"2020-05-27T11:42:20","guid":{"rendered":"https:\/\/www.worldpolicyconference.com\/?page_id=13559"},"modified":"2020-10-25T13:57:03","modified_gmt":"2020-10-25T12:57:03","slug":"le-systeme-international-saura-t-il-se-defendre-du-virus","status":"publish","type":"page","link":"https:\/\/www.worldpolicyconference.com\/fr\/le-systeme-international-saura-t-il-se-defendre-du-virus\/","title":{"rendered":"Le syst\u00e8me international saura-t-il se d\u00e9fendre du virus ?"},"content":{"rendered":"<p><iframe width=\"853\" height=\"480\" src=\"https:\/\/www.youtube.com\/embed\/QhNnGAlw6fs?feature=oembed\" frameborder=\"0\" allow=\"accelerometer; autoplay; clipboard-write; encrypted-media; gyroscope; picture-in-picture\" allowfullscreen><\/iframe><\/p>\n<p style=\"text-align: justify;\">Visioconf\u00e9rence avec <strong>Thierry de Montbrial<\/strong>, fondateur et pr\u00e9sident de l&rsquo;Ifri, membre de l&rsquo;Acad\u00e9mie des sciences morales et politiques. D\u00e9bat mod\u00e9r\u00e9 par <strong>Isabelle Lasserre<\/strong>, r\u00e9dactrice en chef adjointe au service \u00e9tranger du Figaro, sp\u00e9cialiste des questions diplomatiques et strat\u00e9giques.<\/p>\n<p><\/p>","protected":false},"excerpt":{"rendered":"<p>Visioconf\u00e9rence avec Thierry de Montbrial, fondateur et pr\u00e9sident de l&rsquo;Ifri, membre de l&rsquo;Acad\u00e9mie des sciences morales et politiques. D\u00e9bat mod\u00e9r\u00e9 par Isabelle Lasserre, r\u00e9dactrice en chef adjointe au service \u00e9tranger<\/p>\n","protected":false},"author":1,"featured_media":0,"parent":0,"menu_order":0,"comment_status":"closed","ping_status":"closed","template":"templates\/template-basic-split.php","meta":{"footnotes":""},"class_list":["post-13559","page","type-page","status-publish","hentry"],"_links":{"self":[{"href":"https:\/\/www.worldpolicyconference.com\/fr\/wp-json\/wp\/v2\/pages\/13559","targetHints":{"allow":["GET"]}}],"collection":[{"href":"https:\/\/www.worldpolicyconference.com\/fr\/wp-json\/wp\/v2\/pages"}],"about":[{"href":"https:\/\/www.worldpolicyconference.com\/fr\/wp-json\/wp\/v2\/types\/page"}],"author":[{"embeddable":true,"href":"https:\/\/www.worldpolicyconference.com\/fr\/wp-json\/wp\/v2\/users\/1"}],"replies":[{"embeddable":true,"href":"https:\/\/www.worldpolicyconference.com\/fr\/wp-json\/wp\/v2\/comments?post=13559"}],"version-history":[{"count":0,"href":"https:\/\/www.worldpolicyconference.com\/fr\/wp-json\/wp\/v2\/pages\/13559\/revisions"}],"wp:attachment":[{"href":"https:\/\/www.worldpolicyconference.com\/fr\/wp-json\/wp\/v2\/media?parent=13559"}],"curies":[{"name":"wp","href":"https:\/\/api.w.org\/{rel}","templated":true}]}}