{"id":13791,"date":"2020-11-24T22:00:50","date_gmt":"2020-11-24T21:00:50","guid":{"rendered":"https:\/\/www.worldpolicyconference.com\/?page_id=13791"},"modified":"2022-10-10T11:04:49","modified_gmt":"2022-10-10T10:04:49","slug":"wpc-health","status":"publish","type":"page","link":"https:\/\/www.worldpolicyconference.com\/fr\/wpc-health\/","title":{"rendered":"WPC Health"},"content":{"rendered":"\n<div class=\"text-center\" style=\"margin-bottom: 50px;\"><a class=\"button\" style=\"background: #3498db !important; padding: 25px 50px; line-height: 20px; font-size: 16px; text-align: center;\" href=\"https:\/\/www.worldpolicyconference.com\/the-world-policy-conference-mission-background\/\">Mission &amp; Background<\/a><\/div>\n<p><div class=\"main-container small\"><div class=\"featured-post\"><div class=\"grid-noGutter grid-2_xs-1 grid-2_sm-1 grid-reverse\"><div class=\"col\" style=\"\"><div class=\"featured-image\"><img fetchpriority=\"high\" decoding=\"async\" width=\"525\" height=\"525\" src=\"https:\/\/www.worldpolicyconference.com\/wp-content\/uploads\/2020\/11\/2020_participants.jpeg\" class=\"img-featured wp-post-image\" alt=\"\" title=\"Participants 2020\" srcset=\"https:\/\/www.worldpolicyconference.com\/wp-content\/uploads\/2020\/11\/2020_participants.jpeg 800w, https:\/\/www.worldpolicyconference.com\/wp-content\/uploads\/2020\/11\/2020_participants-150x150.jpeg 150w, https:\/\/www.worldpolicyconference.com\/wp-content\/uploads\/2020\/11\/2020_participants-300x300.jpeg 300w, https:\/\/www.worldpolicyconference.com\/wp-content\/uploads\/2020\/11\/2020_participants-768x768.jpeg 768w, https:\/\/www.worldpolicyconference.com\/wp-content\/uploads\/2020\/11\/2020_participants-100x100.jpeg 100w\" sizes=\"100vw\" \/><\/div><\/div><div class=\"col\"><div class=\"featured-content-container \"><div class=\"featured-title\">Participants 2020<\/div><div class=\"featured-content\">The first edition of the WPC - Health will gather a limited number of participants from academia, public organizations, business, politics and civil society, mostly from the health field.<\/div><a class=\"featured-link\" href=\"https:\/\/www.worldpolicyconference.com\/fr\/2020-invited-guests\/\">Consulter<span class=\"fa fa-angle-right mgl-5\"><\/span><\/a><\/div><\/div><\/div><\/div><\/div><div class=\"main-container small\"><div class=\"featured-post\"><div class=\"grid-noGutter grid-2_xs-1 grid-2_sm-1 \"><div class=\"col\" style=\"\"><div class=\"featured-image\"><img decoding=\"async\" width=\"525\" height=\"525\" src=\"https:\/\/www.worldpolicyconference.com\/wp-content\/uploads\/2020\/11\/2.agenda.jpeg\" class=\"img-featured wp-post-image\" alt=\"\" title=\"Agenda 2020\" srcset=\"https:\/\/www.worldpolicyconference.com\/wp-content\/uploads\/2020\/11\/2.agenda.jpeg 800w, https:\/\/www.worldpolicyconference.com\/wp-content\/uploads\/2020\/11\/2.agenda-150x150.jpeg 150w, https:\/\/www.worldpolicyconference.com\/wp-content\/uploads\/2020\/11\/2.agenda-300x300.jpeg 300w, https:\/\/www.worldpolicyconference.com\/wp-content\/uploads\/2020\/11\/2.agenda-768x768.jpeg 768w, https:\/\/www.worldpolicyconference.com\/wp-content\/uploads\/2020\/11\/2.agenda-100x100.jpeg 100w\" sizes=\"100vw\" \/><\/div><\/div><div class=\"col\"><div class=\"featured-content-container \"><div class=\"featured-title\">Agenda 2020<\/div><div class=\"featured-content\">Find a full schedule for the meeting, including a synopsis of each session.<\/div><a class=\"featured-link\" target=\"_blank\" href=\"https:\/\/www.worldpolicyconference.com\/wp-content\/uploads\/2020\/11\/wpcHealth-2020-final-agenda.pdf\">Lire<span class=\"fa fa-angle-right mgl-5\"><\/span><\/a><\/div><\/div><\/div><\/div><\/div><div class=\"main-container small\"><div class=\"featured-post\"><div class=\"grid-noGutter grid-2_xs-1 grid-2_sm-1 grid-reverse\"><div class=\"col\" style=\"\"><div class=\"featured-image\"><img decoding=\"async\" width=\"525\" height=\"525\" src=\"https:\/\/www.worldpolicyconference.com\/wp-content\/uploads\/2018\/05\/twitter.png\" class=\"img-featured wp-post-image\" alt=\"\" title=\"Derniers Tweets\" srcset=\"https:\/\/www.worldpolicyconference.com\/wp-content\/uploads\/2018\/05\/twitter.png 530w, https:\/\/www.worldpolicyconference.com\/wp-content\/uploads\/2018\/05\/twitter-150x150.png 150w, https:\/\/www.worldpolicyconference.com\/wp-content\/uploads\/2018\/05\/twitter-300x300.png 300w, https:\/\/www.worldpolicyconference.com\/wp-content\/uploads\/2018\/05\/twitter-100x100.png 100w\" sizes=\"100vw\" \/><\/div><\/div><div class=\"col\"><div class=\"featured-content-container reduced-margin\"><div class=\"featured-title\">Derniers Tweets<\/div><div class=\"featured-content\"><\/div><\/div><\/div><\/div><\/div><\/div><div class=\"main-container small\"><div class=\"featured-post\"><div class=\"grid-noGutter grid-2_xs-1 grid-2_sm-1 \"><div class=\"col\" style=\"\"><div class=\"featured-image\"><img loading=\"lazy\" decoding=\"async\" width=\"525\" height=\"525\" src=\"https:\/\/www.worldpolicyconference.com\/wp-content\/uploads\/2020\/11\/2020_publications.jpg\" class=\"img-featured wp-post-image\" alt=\"\" title=\"Publications\" srcset=\"https:\/\/www.worldpolicyconference.com\/wp-content\/uploads\/2020\/11\/2020_publications.jpg 800w, https:\/\/www.worldpolicyconference.com\/wp-content\/uploads\/2020\/11\/2020_publications-150x150.jpg 150w, https:\/\/www.worldpolicyconference.com\/wp-content\/uploads\/2020\/11\/2020_publications-300x300.jpg 300w, https:\/\/www.worldpolicyconference.com\/wp-content\/uploads\/2020\/11\/2020_publications-768x768.jpg 768w, https:\/\/www.worldpolicyconference.com\/wp-content\/uploads\/2020\/11\/2020_publications-100x100.jpg 100w\" sizes=\"100vw\" \/><\/div><\/div><div class=\"col\"><div class=\"featured-content-container \"><div class=\"featured-title\">Publications<\/div><div class=\"featured-content\">Les rapports annuels sont disponibles en ligne apr\u00e8s chaque conf\u00e9rence et des exemplaires papier sont envoy\u00e9s dans le monde entier. L'ensemble des actes de conf\u00e9rence est \u00e9galement disponible en ligne.<\/div><a class=\"featured-link\" href=\"https:\/\/www.worldpolicyconference.com\/fr\/publications-wpc-health\/\">Consulter<span class=\"fa fa-angle-right mgl-5\"><\/span><\/a><\/div><\/div><\/div><\/div><\/div><div class=\"main-container small\"><div class=\"featured-post\"><div class=\"grid-noGutter grid-2_xs-1 grid-2_sm-1 grid-reverse\"><div class=\"col\" style=\"\"><div class=\"featured-image\"><img loading=\"lazy\" decoding=\"async\" width=\"525\" height=\"525\" src=\"https:\/\/www.worldpolicyconference.com\/wp-content\/uploads\/2020\/11\/video_gallery.jpeg\" class=\"img-featured wp-post-image\" alt=\"\" title=\"Vid\u00e9oth\u00e8que\" srcset=\"https:\/\/www.worldpolicyconference.com\/wp-content\/uploads\/2020\/11\/video_gallery.jpeg 800w, https:\/\/www.worldpolicyconference.com\/wp-content\/uploads\/2020\/11\/video_gallery-150x150.jpeg 150w, https:\/\/www.worldpolicyconference.com\/wp-content\/uploads\/2020\/11\/video_gallery-300x300.jpeg 300w, https:\/\/www.worldpolicyconference.com\/wp-content\/uploads\/2020\/11\/video_gallery-768x768.jpeg 768w, https:\/\/www.worldpolicyconference.com\/wp-content\/uploads\/2020\/11\/video_gallery-100x100.jpeg 100w\" sizes=\"100vw\" \/><\/div><\/div><div class=\"col\"><div class=\"featured-content-container \"><div class=\"featured-title\">Vid\u00e9oth\u00e8que<\/div><div class=\"featured-content\">Relive the first edition of the WPC \u2013 Health by watching our videos on YouTube.<\/div><a class=\"featured-link\" target=\"_blank\" href=\"https:\/\/www.youtube.com\/c\/WorldPolicyConferenceTV\/playlists?view=50&#038;sort=dd&#038;shelf_id=1\">Regarder<span class=\"fa fa-angle-right mgl-5\"><\/span><\/a><\/div><\/div><\/div><\/div><\/div><div class=\"main-container small\"><div class=\"featured-post\"><div class=\"grid-noGutter grid-2_xs-1 grid-2_sm-1 \"><div class=\"col\" style=\"\"><div class=\"featured-image\"><img loading=\"lazy\" decoding=\"async\" width=\"500\" height=\"500\" src=\"https:\/\/www.worldpolicyconference.com\/wp-content\/uploads\/2019\/09\/Instagram-@WorldPolicyConf.png\" class=\"img-featured wp-post-image\" alt=\"\" title=\"Instagram\" srcset=\"https:\/\/www.worldpolicyconference.com\/wp-content\/uploads\/2019\/09\/Instagram-@WorldPolicyConf.png 500w, https:\/\/www.worldpolicyconference.com\/wp-content\/uploads\/2019\/09\/Instagram-@WorldPolicyConf-150x150.png 150w, https:\/\/www.worldpolicyconference.com\/wp-content\/uploads\/2019\/09\/Instagram-@WorldPolicyConf-300x300.png 300w, https:\/\/www.worldpolicyconference.com\/wp-content\/uploads\/2019\/09\/Instagram-@WorldPolicyConf-100x100.png 100w\" sizes=\"100vw\" \/><\/div><\/div><div class=\"col\"><div class=\"featured-content-container \"><div class=\"featured-title\">Instagram<\/div><div class=\"featured-content\">Suivez-nous sur Instagram pour en savoir plus sur la World Policy Conference et nous suivre en direct lors de la conf\u00e9rence !<\/div><a class=\"featured-link\" target=\"_blank\" href=\"https:\/\/www.instagram.com\/worldpolicyconf\/\">Suivre<span class=\"fa fa-angle-right mgl-5\"><\/span><\/a><\/div><\/div><\/div><\/div><\/div><div class=\"main-container small\"><div class=\"featured-post\"><div class=\"grid-noGutter grid-2_xs-1 grid-2_sm-1 grid-reverse\"><div class=\"col\" style=\"\"><div class=\"featured-image\"><img loading=\"lazy\" decoding=\"async\" width=\"525\" height=\"525\" src=\"https:\/\/www.worldpolicyconference.com\/wp-content\/uploads\/2020\/11\/wpc_health_photo_gallery.jpeg\" class=\"img-featured wp-post-image\" alt=\"\" title=\"Galerie photos\" srcset=\"https:\/\/www.worldpolicyconference.com\/wp-content\/uploads\/2020\/11\/wpc_health_photo_gallery.jpeg 800w, https:\/\/www.worldpolicyconference.com\/wp-content\/uploads\/2020\/11\/wpc_health_photo_gallery-150x150.jpeg 150w, https:\/\/www.worldpolicyconference.com\/wp-content\/uploads\/2020\/11\/wpc_health_photo_gallery-300x300.jpeg 300w, https:\/\/www.worldpolicyconference.com\/wp-content\/uploads\/2020\/11\/wpc_health_photo_gallery-768x768.jpeg 768w, https:\/\/www.worldpolicyconference.com\/wp-content\/uploads\/2020\/11\/wpc_health_photo_gallery-100x100.jpeg 100w\" sizes=\"100vw\" \/><\/div><\/div><div class=\"col\"><div class=\"featured-content-container \"><div class=\"featured-title\">Galerie photos<\/div><div class=\"featured-content\">Rejoignez-nous sur Flickr pour d\u00e9couvrir toutes nos photos historiques.<\/div><a class=\"featured-link\" target=\"_blank\" href=\"https:\/\/www.flickr.com\/photos\/worldpolicyconference\/collections\">Consulter<span class=\"fa fa-angle-right mgl-5\"><\/span><\/a><\/div><\/div><\/div><\/div><\/div><\/p>\n","protected":false},"excerpt":{"rendered":"<p>Mission &amp; Background<\/p>\n","protected":false},"author":1,"featured_media":13833,"parent":0,"menu_order":0,"comment_status":"closed","ping_status":"closed","template":"","meta":{"footnotes":""},"class_list":["post-13791","page","type-page","status-publish","has-post-thumbnail","hentry"],"_links":{"self":[{"href":"https:\/\/www.worldpolicyconference.com\/fr\/wp-json\/wp\/v2\/pages\/13791","targetHints":{"allow":["GET"]}}],"collection":[{"href":"https:\/\/www.worldpolicyconference.com\/fr\/wp-json\/wp\/v2\/pages"}],"about":[{"href":"https:\/\/www.worldpolicyconference.com\/fr\/wp-json\/wp\/v2\/types\/page"}],"author":[{"embeddable":true,"href":"https:\/\/www.worldpolicyconference.com\/fr\/wp-json\/wp\/v2\/users\/1"}],"replies":[{"embeddable":true,"href":"https:\/\/www.worldpolicyconference.com\/fr\/wp-json\/wp\/v2\/comments?post=13791"}],"version-history":[{"count":0,"href":"https:\/\/www.worldpolicyconference.com\/fr\/wp-json\/wp\/v2\/pages\/13791\/revisions"}],"wp:featuredmedia":[{"embeddable":true,"href":"https:\/\/www.worldpolicyconference.com\/fr\/wp-json\/wp\/v2\/media\/13833"}],"wp:attachment":[{"href":"https:\/\/www.worldpolicyconference.com\/fr\/wp-json\/wp\/v2\/media?parent=13791"}],"curies":[{"name":"wp","href":"https:\/\/api.w.org\/{rel}","templated":true}]}}