{"id":15,"date":"2014-03-30T01:38:31","date_gmt":"2014-03-30T00:38:31","guid":{"rendered":"http:\/\/www.worldpolicyconference.com\/?page_id=15"},"modified":"2026-03-17T21:42:33","modified_gmt":"2026-03-17T20:42:33","slug":"home","status":"publish","type":"page","link":"https:\/\/www.worldpolicyconference.com\/fr\/","title":{"rendered":"Home"},"content":{"rendered":"<p>\n<div class=\"main-container small\"><div class=\"featured-post\" style=\"text-align: center; margin-bottom: 3rem; padding: 20px; max-height: initial;\"><div style=\"margin-bottom: 20px; text-align: center; color: #666; font-size: 28px; font-family: Jost, sans-serif;\">WPC 2026<\/div><div><div><\/div><div style=\"margin-top: 20px;\"><a class=\"button full-xs line-icon\" style=\"background: #01ADD3FF !important; padding: 10px; line-height: 20px; font-size: 12px; width: 240px;\" href=\"https:\/\/registration.worldpolicyconference.org\/?lang=fr\" target=\"_blank\"><i class=\"fa fa-file-text-o\" style=\"font-size: 12px; color: #fff\"><\/i><br\/>Inscription en ligne<\/a><\/div><\/div><\/div><br \/>\n<div class=\"main-container small\"><div class=\"featured-post\"><div class=\"grid-noGutter grid-2_xs-1 grid-2_sm-1 \"><div class=\"col\" style=\"\"><div class=\"featured-image\"><img fetchpriority=\"high\" decoding=\"async\" width=\"525\" height=\"351\" src=\"https:\/\/www.worldpolicyconference.com\/wp-content\/uploads\/2025\/08\/wpc2026-std-1024x684.jpeg\" class=\"img-featured wp-post-image\" alt=\"\" title=\"Lieu de la conf\u00e9rence &lt;br\/&gt;WPC 2026\" srcset=\"https:\/\/www.worldpolicyconference.com\/wp-content\/uploads\/2025\/08\/wpc2026-std-1024x684.jpeg 1024w, https:\/\/www.worldpolicyconference.com\/wp-content\/uploads\/2025\/08\/wpc2026-std-300x200.jpeg 300w, https:\/\/www.worldpolicyconference.com\/wp-content\/uploads\/2025\/08\/wpc2026-std-768x513.jpeg 768w, https:\/\/www.worldpolicyconference.com\/wp-content\/uploads\/2025\/08\/wpc2026-std.jpeg 1600w\" sizes=\"100vw\" \/><\/div><\/div><div class=\"col\"><div class=\"featured-content-container \"><div class=\"featured-title\">Lieu de la conf\u00e9rence <br\/>WPC 2026<\/div><div class=\"featured-content\">Chantilly accueille la World Policy Conference 2026.<\/div><a class=\"featured-link\" href=\"https:\/\/www.worldpolicyconference.com\/fr\/conference-venue-2026\/\">Lire la suite<span class=\"fa fa-angle-right mgl-5\"><\/span><\/a><\/div><\/div><\/div><\/div><\/div><div class=\"main-container small\"><div class=\"featured-post\"><div class=\"grid-noGutter grid-2_xs-1 grid-2_sm-1 grid-reverse\"><div class=\"col\" style=\"\"><div class=\"featured-image\"><img decoding=\"async\" width=\"525\" height=\"525\" src=\"https:\/\/www.worldpolicyconference.com\/wp-content\/uploads\/2022\/03\/Home_Participants2021.jpg\" class=\"img-featured wp-post-image\" alt=\"\" title=\"Participants 2026\" srcset=\"https:\/\/www.worldpolicyconference.com\/wp-content\/uploads\/2022\/03\/Home_Participants2021.jpg 900w, https:\/\/www.worldpolicyconference.com\/wp-content\/uploads\/2022\/03\/Home_Participants2021-150x150.jpg 150w, https:\/\/www.worldpolicyconference.com\/wp-content\/uploads\/2022\/03\/Home_Participants2021-300x300.jpg 300w, https:\/\/www.worldpolicyconference.com\/wp-content\/uploads\/2022\/03\/Home_Participants2021-768x768.jpg 768w, https:\/\/www.worldpolicyconference.com\/wp-content\/uploads\/2022\/03\/Home_Participants2021-100x100.jpg 100w\" sizes=\"100vw\" \/><\/div><\/div><div class=\"col\"><div class=\"featured-content-container \"><div class=\"featured-title\">Participants 2026<\/div><div class=\"featured-content\">La WPC r\u00e9unit des d\u00e9cideurs, chercheurs et leaders d\u2019opinion de haut niveau qui sont principalement choisis en fonction de leurs comp\u00e9tences et de leur rayonnement international. Nous veillons \u00e9galement \u00e0 respecter les \u00e9quilibres naturels entre r\u00e9gions et cultures.<\/div><a class=\"featured-link\" href=\"https:\/\/www.worldpolicyconference.com\/fr\/2026-invited-guests\/\">Consulter<span class=\"fa fa-angle-right mgl-5\"><\/span><\/a><\/div><\/div><\/div><\/div><\/div><div class=\"main-container small\"><div class=\"featured-post\"><div class=\"grid-noGutter grid-2_xs-1 grid-2_sm-1 \"><div class=\"col\" style=\"\"><div class=\"featured-image\"><img decoding=\"async\" width=\"525\" height=\"479\" src=\"https:\/\/www.worldpolicyconference.com\/wp-content\/uploads\/2022\/03\/Home_Revue-de-presse-e1647536887832.jpg\" class=\"img-featured wp-post-image\" alt=\"\" title=\"Revue de presse 2024\" srcset=\"https:\/\/www.worldpolicyconference.com\/wp-content\/uploads\/2022\/03\/Home_Revue-de-presse-e1647536887832.jpg 584w, https:\/\/www.worldpolicyconference.com\/wp-content\/uploads\/2022\/03\/Home_Revue-de-presse-e1647536887832-300x274.jpg 300w\" sizes=\"100vw\" \/><\/div><\/div><div class=\"col\"><div class=\"featured-content-container \"><div class=\"featured-title\">Revue de presse 2024<\/div><div class=\"featured-content\">Retrouvez l\u2019ensemble des articles publi\u00e9s dans le monde entier \u00e0 l\u2019occasion de la derni\u00e8re \u00e9dition de la World Policy Conference.<\/div><a class=\"featured-link\" href=\"https:\/\/www.worldpolicyconference.com\/fr\/2024-press-review\/\">Consulter<span class=\"fa fa-angle-right mgl-5\"><\/span><\/a><\/div><\/div><\/div><\/div><\/div><div class=\"main-container small\"><div class=\"featured-post\"><div class=\"grid-noGutter grid-2_xs-1 grid-2_sm-1 grid-reverse\"><div class=\"col\" style=\"\"><div class=\"featured-image\"><img loading=\"lazy\" decoding=\"async\" width=\"525\" height=\"525\" src=\"https:\/\/www.worldpolicyconference.com\/wp-content\/uploads\/2018\/05\/twitter.png\" class=\"img-featured wp-post-image\" alt=\"\" title=\"Derniers Tweets\" srcset=\"https:\/\/www.worldpolicyconference.com\/wp-content\/uploads\/2018\/05\/twitter.png 530w, https:\/\/www.worldpolicyconference.com\/wp-content\/uploads\/2018\/05\/twitter-150x150.png 150w, https:\/\/www.worldpolicyconference.com\/wp-content\/uploads\/2018\/05\/twitter-300x300.png 300w, https:\/\/www.worldpolicyconference.com\/wp-content\/uploads\/2018\/05\/twitter-100x100.png 100w\" sizes=\"100vw\" \/><\/div><\/div><div class=\"col\"><div class=\"featured-content-container \"><div class=\"featured-title\">Derniers Tweets<\/div><div class=\"featured-content\"><\/div><a class=\"featured-link\" target=\"_blank\" href=\"https:\/\/twitter.com\/WorldPolicyConf\">Suivre sur X (Formerly Twitter)<span class=\"fa fa-angle-right mgl-5\"><\/span><\/a><\/div><\/div><\/div><\/div><\/div><div class=\"main-container small\"><div class=\"featured-post\"><div class=\"grid-noGutter grid-2_xs-1 grid-2_sm-1 \"><div class=\"col\" style=\"\"><div class=\"featured-image\"><img loading=\"lazy\" decoding=\"async\" width=\"525\" height=\"525\" src=\"https:\/\/www.worldpolicyconference.com\/wp-content\/uploads\/2025\/06\/Home_publications_2025-1024x1024.jpg\" class=\"img-featured wp-post-image\" alt=\"\" title=\"Publications\" srcset=\"https:\/\/www.worldpolicyconference.com\/wp-content\/uploads\/2025\/06\/Home_publications_2025-1024x1024.jpg 1024w, https:\/\/www.worldpolicyconference.com\/wp-content\/uploads\/2025\/06\/Home_publications_2025-150x150.jpg 150w, https:\/\/www.worldpolicyconference.com\/wp-content\/uploads\/2025\/06\/Home_publications_2025-300x300.jpg 300w, https:\/\/www.worldpolicyconference.com\/wp-content\/uploads\/2025\/06\/Home_publications_2025-768x768.jpg 768w, https:\/\/www.worldpolicyconference.com\/wp-content\/uploads\/2025\/06\/Home_publications_2025-100x100.jpg 100w, https:\/\/www.worldpolicyconference.com\/wp-content\/uploads\/2025\/06\/Home_publications_2025.jpg 1080w\" sizes=\"100vw\" \/><\/div><\/div><div class=\"col\"><div class=\"featured-content-container \"><div class=\"featured-title\">Publications<\/div><div class=\"featured-content\">Les rapports annuels sont disponibles en ligne apr\u00e8s chaque conf\u00e9rence et des exemplaires papier sont envoy\u00e9s dans le monde entier. L'ensemble des actes de conf\u00e9rence est \u00e9galement disponible en ligne.<\/div><a class=\"featured-link\" href=\"https:\/\/www.worldpolicyconference.com\/fr\/publications\/\">Consulter<span class=\"fa fa-angle-right mgl-5\"><\/span><\/a><\/div><\/div><\/div><\/div><\/div><div class=\"main-container small\"><div class=\"featured-post\"><div class=\"grid-noGutter grid-2_xs-1 grid-2_sm-1 grid-reverse\"><div class=\"col\" style=\"\"><div class=\"featured-image\"><img loading=\"lazy\" decoding=\"async\" width=\"525\" height=\"525\" src=\"https:\/\/www.worldpolicyconference.com\/wp-content\/uploads\/2018\/05\/newsRoom.jpg\" class=\"img-featured wp-post-image\" alt=\"\" title=\"Members Newsroom\" srcset=\"https:\/\/www.worldpolicyconference.com\/wp-content\/uploads\/2018\/05\/newsRoom.jpg 600w, https:\/\/www.worldpolicyconference.com\/wp-content\/uploads\/2018\/05\/newsRoom-150x150.jpg 150w, https:\/\/www.worldpolicyconference.com\/wp-content\/uploads\/2018\/05\/newsRoom-300x300.jpg 300w, https:\/\/www.worldpolicyconference.com\/wp-content\/uploads\/2018\/05\/newsRoom-100x100.jpg 100w\" sizes=\"100vw\" \/><\/div><\/div><div class=\"col\"><div class=\"featured-content-container \"><div class=\"featured-title\">Members Newsroom<\/div><div class=\"featured-content\">Restez inform\u00e9s de l\u2019actualit\u00e9 de nos membres avec cette compilation de leurs r\u00e9cents articles et publications.<\/div><a class=\"featured-link\" href=\"https:\/\/www.worldpolicyconference.com\/fr\/news-room\/\">Consulter<span class=\"fa fa-angle-right mgl-5\"><\/span><\/a><\/div><\/div><\/div><\/div><\/div><div class=\"main-container small\"><div class=\"featured-post\"><div class=\"grid-noGutter grid-2_xs-1 grid-2_sm-1 \"><div class=\"col\" style=\"\"><div class=\"featured-image\"><img loading=\"lazy\" decoding=\"async\" width=\"525\" height=\"525\" src=\"https:\/\/www.worldpolicyconference.com\/wp-content\/uploads\/2018\/05\/video.jpg\" class=\"img-featured wp-post-image\" alt=\"\" title=\"Vid\u00e9oth\u00e8que\" srcset=\"https:\/\/www.worldpolicyconference.com\/wp-content\/uploads\/2018\/05\/video.jpg 600w, https:\/\/www.worldpolicyconference.com\/wp-content\/uploads\/2018\/05\/video-150x150.jpg 150w, https:\/\/www.worldpolicyconference.com\/wp-content\/uploads\/2018\/05\/video-300x300.jpg 300w, https:\/\/www.worldpolicyconference.com\/wp-content\/uploads\/2018\/05\/video-100x100.jpg 100w\" sizes=\"100vw\" \/><\/div><\/div><div class=\"col\"><div class=\"featured-content-container \"><div class=\"featured-title\">Vid\u00e9oth\u00e8que<\/div><div class=\"featured-content\">D\u2019Evian \u00e0 Abou Dabi, revivez les 17 \u00e9ditions de la World Policy Conference en vid\u00e9os sur YouTube et d\u00e9couvrez les interviews exclusives des participants.<\/div><a class=\"featured-link\" target=\"_blank\" href=\"https:\/\/www.worldpolicyconferencetv.com\/\">Regarder<span class=\"fa fa-angle-right mgl-5\"><\/span><\/a><\/div><\/div><\/div><\/div><\/div><div class=\"main-container small\"><div class=\"featured-post\"><div class=\"grid-noGutter grid-2_xs-1 grid-2_sm-1 grid-reverse\"><div class=\"col\" style=\"\"><div class=\"featured-image\"><img loading=\"lazy\" decoding=\"async\" width=\"525\" height=\"525\" src=\"https:\/\/www.worldpolicyconference.com\/wp-content\/uploads\/2018\/05\/photoGallery.jpg\" class=\"img-featured wp-post-image\" alt=\"\" title=\"Galerie photos\" srcset=\"https:\/\/www.worldpolicyconference.com\/wp-content\/uploads\/2018\/05\/photoGallery.jpg 600w, https:\/\/www.worldpolicyconference.com\/wp-content\/uploads\/2018\/05\/photoGallery-150x150.jpg 150w, https:\/\/www.worldpolicyconference.com\/wp-content\/uploads\/2018\/05\/photoGallery-300x300.jpg 300w, https:\/\/www.worldpolicyconference.com\/wp-content\/uploads\/2018\/05\/photoGallery-100x100.jpg 100w\" sizes=\"100vw\" \/><\/div><\/div><div class=\"col\"><div class=\"featured-content-container \"><div class=\"featured-title\">Galerie photos<\/div><div class=\"featured-content\">Rejoignez-nous sur Flickr pour revivre les moments-cl\u00e9s des 17 derni\u00e8res conf\u00e9rences et d\u00e9couvrir nos photos historiques.<\/div><a class=\"featured-link\" target=\"_blank\" href=\"https:\/\/www.flickr.com\/photos\/worldpolicyconference\/collections\">Consulter<span class=\"fa fa-angle-right mgl-5\"><\/span><\/a><\/div><\/div><\/div><\/div><\/div><div class=\"main-container small\"><div class=\"featured-post\"><div class=\"grid-noGutter grid-2_xs-1 grid-2_sm-1 \"><div class=\"col\" style=\"\"><div class=\"featured-image\"><img loading=\"lazy\" decoding=\"async\" width=\"500\" height=\"500\" src=\"https:\/\/www.worldpolicyconference.com\/wp-content\/uploads\/2019\/09\/Instagram-@WorldPolicyConf.png\" class=\"img-featured wp-post-image\" alt=\"\" title=\"Instagram\" srcset=\"https:\/\/www.worldpolicyconference.com\/wp-content\/uploads\/2019\/09\/Instagram-@WorldPolicyConf.png 500w, https:\/\/www.worldpolicyconference.com\/wp-content\/uploads\/2019\/09\/Instagram-@WorldPolicyConf-150x150.png 150w, https:\/\/www.worldpolicyconference.com\/wp-content\/uploads\/2019\/09\/Instagram-@WorldPolicyConf-300x300.png 300w, https:\/\/www.worldpolicyconference.com\/wp-content\/uploads\/2019\/09\/Instagram-@WorldPolicyConf-100x100.png 100w\" sizes=\"100vw\" \/><\/div><\/div><div class=\"col\"><div class=\"featured-content-container \"><div class=\"featured-title\">Instagram<\/div><div class=\"featured-content\">Suivez-nous sur Instagram pour en savoir plus sur la World Policy Conference et nous suivre en direct lors de la conf\u00e9rence !<\/div><a class=\"featured-link\" target=\"_blank\" href=\"https:\/\/www.instagram.com\/worldpolicyconf\/\">Suivre<span class=\"fa fa-angle-right mgl-5\"><\/span><\/a><\/div><\/div><\/div><\/div><\/div>\n    <div class=\"infinite-carousel-wrap\">\n\n                    <h3>Partenaires &amp; M\u00e9dias<\/h3>\n        \n        <div class=\"infinite-carousel\">\n\n            <div class=\"carousel-items-wrap\">\n                <ul class=\"carousel-items-list\" class=\"clearfix\">\n\n            <li>\n        <img loading=\"lazy\" decoding=\"async\" width=\"300\" height=\"100\" src=\"https:\/\/www.worldpolicyconference.com\/wp-content\/uploads\/2014\/11\/fki-300x100.png\" class=\"attachment-medium size-medium wp-post-image\" alt=\"\" srcset=\"https:\/\/www.worldpolicyconference.com\/wp-content\/uploads\/2014\/11\/fki-300x100.png 300w, https:\/\/www.worldpolicyconference.com\/wp-content\/uploads\/2014\/11\/fki.png 600w\" sizes=\"100vw\" \/>    <\/li>\n\n            <li>\n        <img loading=\"lazy\" decoding=\"async\" width=\"300\" height=\"100\" src=\"https:\/\/www.worldpolicyconference.com\/wp-content\/uploads\/2023\/10\/la_tribune-300x100.png\" class=\"attachment-medium size-medium wp-post-image\" alt=\"\" sizes=\"100vw\" \/>    <\/li>\n\n            <li>\n        <img loading=\"lazy\" decoding=\"async\" width=\"300\" height=\"100\" src=\"https:\/\/www.worldpolicyconference.com\/wp-content\/uploads\/2023\/10\/ardian-300x100.png\" class=\"attachment-medium size-medium wp-post-image\" alt=\"\" sizes=\"100vw\" \/>    <\/li>\n\n            <li>\n        <img loading=\"lazy\" decoding=\"async\" width=\"300\" height=\"100\" src=\"https:\/\/www.worldpolicyconference.com\/wp-content\/uploads\/2014\/07\/rfi-300x100.png\" class=\"attachment-medium size-medium wp-post-image\" alt=\"\" sizes=\"100vw\" \/>    <\/li>\n\n            <li>\n        <img loading=\"lazy\" decoding=\"async\" width=\"300\" height=\"100\" src=\"https:\/\/www.worldpolicyconference.com\/wp-content\/uploads\/2016\/11\/Capgemini-300x100.png\" class=\"attachment-medium size-medium wp-post-image\" alt=\"\" sizes=\"100vw\" \/>    <\/li>\n\n            <li>\n        <img loading=\"lazy\" decoding=\"async\" width=\"300\" height=\"100\" src=\"https:\/\/www.worldpolicyconference.com\/wp-content\/uploads\/2016\/11\/Poongsan-300x100.png\" class=\"attachment-medium size-medium wp-post-image\" alt=\"\" sizes=\"100vw\" \/>    <\/li>\n\n            <li>\n        <img loading=\"lazy\" decoding=\"async\" width=\"300\" height=\"100\" src=\"https:\/\/www.worldpolicyconference.com\/wp-content\/uploads\/2024\/12\/lemonde-300x100.png\" class=\"attachment-medium size-medium wp-post-image\" alt=\"\" srcset=\"https:\/\/www.worldpolicyconference.com\/wp-content\/uploads\/2024\/12\/lemonde-300x100.png 300w, https:\/\/www.worldpolicyconference.com\/wp-content\/uploads\/2024\/12\/lemonde.png 600w\" sizes=\"100vw\" \/>    <\/li>\n\n            <li>\n        <img loading=\"lazy\" decoding=\"async\" width=\"300\" height=\"100\" src=\"https:\/\/www.worldpolicyconference.com\/wp-content\/uploads\/2016\/11\/total_energies_logo-300x100.png\" class=\"attachment-medium size-medium wp-post-image\" alt=\"\" srcset=\"https:\/\/www.worldpolicyconference.com\/wp-content\/uploads\/2016\/11\/total_energies_logo-300x100.png 300w, https:\/\/www.worldpolicyconference.com\/wp-content\/uploads\/2016\/11\/total_energies_logo.png 600w\" sizes=\"100vw\" \/>    <\/li>\n\n            <li>\n        <img loading=\"lazy\" decoding=\"async\" width=\"300\" height=\"100\" src=\"https:\/\/www.worldpolicyconference.com\/wp-content\/uploads\/2023\/10\/i24-300x100.png\" class=\"attachment-medium size-medium wp-post-image\" alt=\"\" sizes=\"100vw\" \/>    <\/li>\n\n            <li>\n        <img loading=\"lazy\" decoding=\"async\" width=\"300\" height=\"100\" src=\"https:\/\/www.worldpolicyconference.com\/wp-content\/uploads\/2018\/10\/cnes-300x100.png\" class=\"attachment-medium size-medium wp-post-image\" alt=\"\" sizes=\"100vw\" \/>    <\/li>\n\n            <li>\n        <img loading=\"lazy\" decoding=\"async\" width=\"300\" height=\"100\" src=\"https:\/\/www.worldpolicyconference.com\/wp-content\/uploads\/2024\/12\/challenges-300x100.png\" class=\"attachment-medium size-medium wp-post-image\" alt=\"\" srcset=\"https:\/\/www.worldpolicyconference.com\/wp-content\/uploads\/2024\/12\/challenges-300x100.png 300w, https:\/\/www.worldpolicyconference.com\/wp-content\/uploads\/2024\/12\/challenges.png 600w\" sizes=\"100vw\" \/>    <\/li>\n\n            <li>\n        <img loading=\"lazy\" decoding=\"async\" width=\"300\" height=\"100\" src=\"https:\/\/www.worldpolicyconference.com\/wp-content\/uploads\/2018\/06\/nikkei-1-300x100.png\" class=\"attachment-medium size-medium wp-post-image\" alt=\"\" sizes=\"100vw\" \/>    <\/li>\n\n            <li>\n        <img loading=\"lazy\" decoding=\"async\" width=\"300\" height=\"100\" src=\"https:\/\/www.worldpolicyconference.com\/wp-content\/uploads\/2023\/10\/ifri-300x100.png\" class=\"attachment-medium size-medium wp-post-image\" alt=\"\" sizes=\"100vw\" \/>    <\/li>\n\n            <li>\n        <img loading=\"lazy\" decoding=\"async\" width=\"300\" height=\"100\" src=\"https:\/\/www.worldpolicyconference.com\/wp-content\/uploads\/2024\/12\/lenversduglobebfm-300x100.png\" class=\"attachment-medium size-medium wp-post-image\" alt=\"\" srcset=\"https:\/\/www.worldpolicyconference.com\/wp-content\/uploads\/2024\/12\/lenversduglobebfm-300x100.png 300w, https:\/\/www.worldpolicyconference.com\/wp-content\/uploads\/2024\/12\/lenversduglobebfm.png 600w\" sizes=\"100vw\" \/>    <\/li>\n\n            <li>\n        <img loading=\"lazy\" decoding=\"async\" width=\"300\" height=\"100\" src=\"https:\/\/www.worldpolicyconference.com\/wp-content\/uploads\/2014\/07\/lexpress-300x100.png\" class=\"attachment-medium size-medium wp-post-image\" alt=\"\" sizes=\"100vw\" \/>    <\/li>\n\n            <li>\n        <img loading=\"lazy\" decoding=\"async\" width=\"300\" height=\"100\" src=\"https:\/\/www.worldpolicyconference.com\/wp-content\/uploads\/2024\/12\/mistergeopolitix-300x100.png\" class=\"attachment-medium size-medium wp-post-image\" alt=\"\" srcset=\"https:\/\/www.worldpolicyconference.com\/wp-content\/uploads\/2024\/12\/mistergeopolitix-300x100.png 300w, https:\/\/www.worldpolicyconference.com\/wp-content\/uploads\/2024\/12\/mistergeopolitix.png 600w\" sizes=\"100vw\" \/>    <\/li>\n\n            <li>\n        <img loading=\"lazy\" decoding=\"async\" width=\"300\" height=\"100\" src=\"https:\/\/www.worldpolicyconference.com\/wp-content\/uploads\/2014\/07\/lefigaro-300x100.png\" class=\"attachment-medium size-medium wp-post-image\" alt=\"\" sizes=\"100vw\" \/>    <\/li>\n\n            <li>\n        <img loading=\"lazy\" decoding=\"async\" width=\"300\" height=\"100\" src=\"https:\/\/www.worldpolicyconference.com\/wp-content\/uploads\/2022\/12\/bcg-300x100.png\" class=\"attachment-medium size-medium wp-post-image\" alt=\"\" sizes=\"100vw\" \/>    <\/li>\n\n            <li>\n        <img loading=\"lazy\" decoding=\"async\" width=\"300\" height=\"100\" src=\"https:\/\/www.worldpolicyconference.com\/wp-content\/uploads\/2024\/12\/rabanalsafina-300x100.png\" class=\"attachment-medium size-medium wp-post-image\" alt=\"\" srcset=\"https:\/\/www.worldpolicyconference.com\/wp-content\/uploads\/2024\/12\/rabanalsafina-300x100.png 300w, https:\/\/www.worldpolicyconference.com\/wp-content\/uploads\/2024\/12\/rabanalsafina.png 600w\" sizes=\"100vw\" \/>    <\/li>\n\n            <li>\n        <img loading=\"lazy\" decoding=\"async\" width=\"300\" height=\"100\" src=\"https:\/\/www.worldpolicyconference.com\/wp-content\/uploads\/2016\/11\/exim-300x100.png\" class=\"attachment-medium size-medium wp-post-image\" alt=\"\" sizes=\"100vw\" \/>    <\/li>\n\n            <li>\n        <img loading=\"lazy\" decoding=\"async\" width=\"300\" height=\"100\" src=\"https:\/\/www.worldpolicyconference.com\/wp-content\/uploads\/2024\/12\/diplomatie-300x100.png\" class=\"attachment-medium size-medium wp-post-image\" alt=\"\" srcset=\"https:\/\/www.worldpolicyconference.com\/wp-content\/uploads\/2024\/12\/diplomatie-300x100.png 300w, https:\/\/www.worldpolicyconference.com\/wp-content\/uploads\/2024\/12\/diplomatie.png 600w\" sizes=\"100vw\" \/>    <\/li>\n\n            <li>\n        <img loading=\"lazy\" decoding=\"async\" width=\"300\" height=\"100\" src=\"https:\/\/www.worldpolicyconference.com\/wp-content\/uploads\/2022\/12\/maekyung-300x100.png\" class=\"attachment-medium size-medium wp-post-image\" alt=\"\" sizes=\"100vw\" \/>    <\/li>\n\n            <li>\n        <img loading=\"lazy\" decoding=\"async\" width=\"300\" height=\"100\" src=\"https:\/\/www.worldpolicyconference.com\/wp-content\/uploads\/2014\/04\/Les_Echos.png\" class=\"attachment-medium size-medium wp-post-image\" alt=\"\" sizes=\"100vw\" \/>    <\/li>\n\n                    <\/ul>\n            <\/div>\n        <\/div>\n    <\/div>\n\n        <script>\n            jQuery(function(){\n                initCarousel();\n            });\n        <\/script>\n\n    <\/p>","protected":false},"excerpt":{"rendered":"","protected":false},"author":1,"featured_media":0,"parent":0,"menu_order":0,"comment_status":"open","ping_status":"closed","template":"","meta":{"footnotes":""},"class_list":["post-15","page","type-page","status-publish","hentry"],"_links":{"self":[{"href":"https:\/\/www.worldpolicyconference.com\/fr\/wp-json\/wp\/v2\/pages\/15","targetHints":{"allow":["GET"]}}],"collection":[{"href":"https:\/\/www.worldpolicyconference.com\/fr\/wp-json\/wp\/v2\/pages"}],"about":[{"href":"https:\/\/www.worldpolicyconference.com\/fr\/wp-json\/wp\/v2\/types\/page"}],"author":[{"embeddable":true,"href":"https:\/\/www.worldpolicyconference.com\/fr\/wp-json\/wp\/v2\/users\/1"}],"replies":[{"embeddable":true,"href":"https:\/\/www.worldpolicyconference.com\/fr\/wp-json\/wp\/v2\/comments?post=15"}],"version-history":[{"count":0,"href":"https:\/\/www.worldpolicyconference.com\/fr\/wp-json\/wp\/v2\/pages\/15\/revisions"}],"wp:attachment":[{"href":"https:\/\/www.worldpolicyconference.com\/fr\/wp-json\/wp\/v2\/media?parent=15"}],"curies":[{"name":"wp","href":"https:\/\/api.w.org\/{rel}","templated":true}]}}