{"id":17295,"date":"2024-04-16T17:01:27","date_gmt":"2024-04-16T16:01:27","guid":{"rendered":"https:\/\/www.worldpolicyconference.com\/?page_id=17295"},"modified":"2024-04-18T15:46:30","modified_gmt":"2024-04-18T14:46:30","slug":"conference-venue-2024","status":"publish","type":"page","link":"https:\/\/www.worldpolicyconference.com\/fr\/conference-venue-2024\/","title":{"rendered":"Lieu de la conf\u00e9rence <br\/>WPC 2024"},"content":{"rendered":"<p><\/p>\n<h1>Abou Dabi<\/h1>\n<p>Situ\u00e9e sur une \u00eele du golfe Arabo-Persique, Abou Dabi est la capitale f\u00e9d\u00e9rale des \u00c9mirats arabes unis. C&rsquo;est \u00e9galement la capitale de l&rsquo;\u00e9mirat du m\u00eame nom qui est le plus grand des sept \u00e9mirats du pays. \u00c9tablie en 1761, la ville d\u2019Abou Dabi a \u00e9t\u00e9 sous protection britannique de 1820 \u00e0 1971, date \u00e0 laquelle les \u00c9mirats arabes unis ont d\u00e9clar\u00e9 leur ind\u00e9pendance.<\/p>\n<p>Elle est le centre politique et industriel de la f\u00e9d\u00e9ration, avec une \u00e9conomie qui repose en grande partie sur les exportations de p\u00e9trole. L\u2019\u00e9mirat, qui dispose d\u2019importantes r\u00e9serves de p\u00e9trole et de gaz naturel, pr\u00e9pare la transformation de son mod\u00e8le \u00e9conomique \u00e0 travers le programme <em>Abu Dhabi Economic Vision 2030<\/em>, qui doit le faire \u00e9voluer vers une \u00e9conomie fond\u00e9e sur la connaissance et l\u2019innovation. Lanc\u00e9 en f\u00e9vrier 2008, le projet de construction de la cit\u00e9 de Masdar est l\u2019un des piliers de cette transformation ambitieuse et vise \u00e0 positionner la ville comme un pionnier en mati\u00e8re d\u2019\u00e9nergies renouvelables.<\/p>\n<p>Dans cette m\u00e9tropole hypermoderne qui n\u2019\u00e9tait encore qu\u2019un d\u00e9sert il y a quelques ann\u00e9es, les gratte-ciels vertigineux c\u00f4toient des lieux traditionnels comme la Grande Mosqu\u00e9e Sheikh Zayed. Le Louvre Abou Dabi, inaugur\u00e9 en 2017, marque le d\u00e9sir affich\u00e9 par Abou Dabi de rayonner sur le plan culturel et de devenir une destination touristique incontournable.<\/p>\n<p>Cette ann\u00e9e, le Park Hyatt Saadiyat Island accueillera la 17e \u00e9dition de la World Policy Conference du vendredi 13 au dimanche 15 d\u00e9cembre 2024 En effet, situ\u00e9 sur l\u2019\u00eele de Saadiyat, au nord de la ville, cet exceptionnel resort m\u00e9lange luxe et durabilit\u00e9 dans un cadre naturel et paisible.<\/p>\n<p>Il est par ailleurs d\u00e9j\u00e0 le lieu de nombreux \u00e9v\u00e9nements prestigieux gr\u00e2ce \u00e0 ses diff\u00e9rentes salles de conf\u00e9rence et de r\u00e9ception. Ayant pr\u00e9c\u00e9demment accueilli des \u00e9v\u00e9nements tels que le\u00a0LCIA Arab Users&rsquo; Council\u00a0Symposium de 2022, le PetroForum MENA en 2017 ou encore le\u00a0GCC Power and Water Forum de 2016, ce palace est l&rsquo;endroit id\u00e9al pour la World Policy Conference 2024, un \u00e9v\u00e9nement o\u00f9 se retrouvent penseurs influents et responsables politiques pour d\u00e9battre de probl\u00e9matiques critiques intrins\u00e8quement li\u00e9es au destin de nos soci\u00e9t\u00e9s et nos nations.<\/p>","protected":false},"excerpt":{"rendered":"<p>Abou Dabi Situ\u00e9e sur une \u00eele du golfe Arabo-Persique, Abou Dabi est la capitale f\u00e9d\u00e9rale des \u00c9mirats arabes unis. C&rsquo;est \u00e9galement la capitale de l&rsquo;\u00e9mirat du m\u00eame nom qui est<\/p>\n","protected":false},"author":1,"featured_media":17296,"parent":0,"menu_order":0,"comment_status":"closed","ping_status":"closed","template":"templates\/template-basic-split.php","meta":{"footnotes":""},"class_list":["post-17295","page","type-page","status-publish","has-post-thumbnail","hentry"],"_links":{"self":[{"href":"https:\/\/www.worldpolicyconference.com\/fr\/wp-json\/wp\/v2\/pages\/17295","targetHints":{"allow":["GET"]}}],"collection":[{"href":"https:\/\/www.worldpolicyconference.com\/fr\/wp-json\/wp\/v2\/pages"}],"about":[{"href":"https:\/\/www.worldpolicyconference.com\/fr\/wp-json\/wp\/v2\/types\/page"}],"author":[{"embeddable":true,"href":"https:\/\/www.worldpolicyconference.com\/fr\/wp-json\/wp\/v2\/users\/1"}],"replies":[{"embeddable":true,"href":"https:\/\/www.worldpolicyconference.com\/fr\/wp-json\/wp\/v2\/comments?post=17295"}],"version-history":[{"count":0,"href":"https:\/\/www.worldpolicyconference.com\/fr\/wp-json\/wp\/v2\/pages\/17295\/revisions"}],"wp:featuredmedia":[{"embeddable":true,"href":"https:\/\/www.worldpolicyconference.com\/fr\/wp-json\/wp\/v2\/media\/17296"}],"wp:attachment":[{"href":"https:\/\/www.worldpolicyconference.com\/fr\/wp-json\/wp\/v2\/media?parent=17295"}],"curies":[{"name":"wp","href":"https:\/\/api.w.org\/{rel}","templated":true}]}}