{"id":17776,"date":"2025-08-04T10:06:47","date_gmt":"2025-08-04T09:06:47","guid":{"rendered":"https:\/\/www.worldpolicyconference.com\/?page_id=17776"},"modified":"2025-10-29T08:41:00","modified_gmt":"2025-10-29T07:41:00","slug":"conference-venue-2026","status":"publish","type":"page","link":"https:\/\/www.worldpolicyconference.com\/fr\/conference-venue-2026\/","title":{"rendered":"Lieu de la conf\u00e9rence <br\/>WPC 2026"},"content":{"rendered":"<p><\/p>\n<h1>Chantilly, FRANCE<\/h1>\n<p><strong>CHANTILLY<\/strong>, \u00e0 moins d\u2019une heure au nord de Paris, est un joyau du patrimoine fran\u00e7ais. R\u00e9put\u00e9e pour son histoire, ses traditions \u00e9questres et son artisanat, elle est mondialement connue pour son ch\u00e2teau et sa dentelle d\u00e9licate. Chantilly incarne l\u2019art de vivre \u00e0 la fran\u00e7aise : culture, nature et raffinement.<br \/>\nLe ch\u00e2teau de Chantilly, embl\u00e8me de la ville, illustre l\u2019architecture classique fran\u00e7aise. Construit du XVIe au XIXe si\u00e8cle, il abrite le mus\u00e9e Cond\u00e9, l\u2019une des plus riches collections apr\u00e8s le Louvre, avec des chefs-d\u2019\u0153uvre de Rapha\u00ebl, Poussin, Ingres et Delacroix. Le ch\u00e2teau est entour\u00e9 de jardins \u00e0 la fran\u00e7aise dessin\u00e9s par Le N\u00f4tre, d\u2019un jardin anglo-chinois et de vastes plans d\u2019eau.<br \/>\nChantilly est aussi une capitale mondiale du sport \u00e9questre. Ses Grandes \u00c9curies, chef-d\u2019\u0153uvre du XVIIIe si\u00e8cle, accueillent le mus\u00e9e du Cheval et des spectacles \u00e9questres m\u00ealant tradition et modernit\u00e9. L\u2019hippodrome organise des courses prestigieuses, comme le Prix de Diane.<\/p>\n<p style=\"text-align: center;\">\u200b\u200b\u200b\u200b\u200b\u200b* * *<\/p>\n<p>En 2026, le <strong>DOMAINE LES FONTAINES<\/strong> accueillera la 18e \u00e9dition de la World Policy Conference, du vendredi 24 au dimanche 26 avril. Situ\u00e9 \u00e0 quelques minutes de Chantilly, ce lieu marie patrimoine historique, innovation et engagement environnemental. Son ch\u00e2teau du XIXe si\u00e8cle, au c\u0153ur d\u2019un parc de 52 hectares, est une ancienne propri\u00e9t\u00e9 de la famille Rothschild, v\u00e9ritable havre de verdure et d\u2019espace prot\u00e9g\u00e9 pour la faune et la flore.<br \/>\nR\u00e9am\u00e9nag\u00e9 par Capgemini, avec un campus \u00e9quip\u00e9 des derni\u00e8res technologies et une d\u00e9marche durable, il s\u2019agit du plus grand domaine de s\u00e9minaires professionnels de France. Un endroit id\u00e9al pour stimuler les id\u00e9es et les \u00e9changes lors de la World Policy Conference.<\/p>","protected":false},"excerpt":{"rendered":"<p>Chantilly, FRANCE CHANTILLY, \u00e0 moins d\u2019une heure au nord de Paris, est un joyau du patrimoine fran\u00e7ais. R\u00e9put\u00e9e pour son histoire, ses traditions \u00e9questres et son artisanat, elle est mondialement<\/p>\n","protected":false},"author":1,"featured_media":17773,"parent":0,"menu_order":0,"comment_status":"closed","ping_status":"closed","template":"templates\/template-basic-split.php","meta":{"footnotes":""},"class_list":["post-17776","page","type-page","status-publish","has-post-thumbnail","hentry"],"_links":{"self":[{"href":"https:\/\/www.worldpolicyconference.com\/fr\/wp-json\/wp\/v2\/pages\/17776","targetHints":{"allow":["GET"]}}],"collection":[{"href":"https:\/\/www.worldpolicyconference.com\/fr\/wp-json\/wp\/v2\/pages"}],"about":[{"href":"https:\/\/www.worldpolicyconference.com\/fr\/wp-json\/wp\/v2\/types\/page"}],"author":[{"embeddable":true,"href":"https:\/\/www.worldpolicyconference.com\/fr\/wp-json\/wp\/v2\/users\/1"}],"replies":[{"embeddable":true,"href":"https:\/\/www.worldpolicyconference.com\/fr\/wp-json\/wp\/v2\/comments?post=17776"}],"version-history":[{"count":0,"href":"https:\/\/www.worldpolicyconference.com\/fr\/wp-json\/wp\/v2\/pages\/17776\/revisions"}],"wp:featuredmedia":[{"embeddable":true,"href":"https:\/\/www.worldpolicyconference.com\/fr\/wp-json\/wp\/v2\/media\/17773"}],"wp:attachment":[{"href":"https:\/\/www.worldpolicyconference.com\/fr\/wp-json\/wp\/v2\/media?parent=17776"}],"curies":[{"name":"wp","href":"https:\/\/api.w.org\/{rel}","templated":true}]}}