{"id":2059,"date":"2014-07-18T11:21:00","date_gmt":"2014-07-18T10:21:00","guid":{"rendered":"http:\/\/www.worldpolicyconference.com\/?page_id=2059"},"modified":"2014-07-18T11:21:00","modified_gmt":"2014-07-18T10:21:00","slug":"the-world-policy-conference-2013","status":"publish","type":"page","link":"https:\/\/www.worldpolicyconference.com\/fr\/the-world-policy-conference-2013\/","title":{"rendered":"La World Policy Conference (2013)"},"content":{"rendered":"<p><div class=\"grid\"><div class=\"col\"><div><\/p>\n<h1>Message du President et fondateur<\/h1>\n<p style=\"text-align: center;\">\n<video width=\"480\" height=\"270\" controls=\"controls\"><source src=\"http:\/\/www.worldpolicyconference.com\/wp-content\/uploads\/2014\/04\/wpc-tdm-fr.mp4\" type=\"video\/mp4\" \/><source src=\"http:\/\/www.worldpolicyconference.com\/wp-content\/uploads\/2014\/05\/wpc-tdm-fr.webm\" type=\"video\/webm\" \/><source src=\"http:\/\/www.worldpolicyconference.com\/wp-content\/uploads\/2014\/05\/wpc-tdm-fr.ogv\" type=\"video\/ogg\" \/><a href=\"http:\/\/www.worldpolicyconference.com\/wp-content\/uploads\/2014\/04\/wpc-tdm-en.mp4\" target=\"_blank\">T\u00e9l\u00e9charger la vid\u00e9o<\/a><\/video>\n<\/p>\n<p style=\"text-align: justify;\">En cette fin d\u2019ann\u00e9e 2013, l\u2019\u00e9tat du syst\u00e8me international reste fragile. la mondialisation se poursuit, mais le c\u0153ur n\u2019y est plus, et l\u2019on voit partout poindre la tentation nationaliste. Sur le plan \u00e9conomique, le d\u00e9ficit de gouvernance reste manifeste. les grands \u00c9tats r\u00e9pugnent \u00e0 s\u2019appliquer \u00e0 eux-m\u00eames les disciplines qu\u2019ils veulent imposer aux autres, et le risque d\u2019une reproduction de chocs comparables \u00e0 celui de 2007-2008 n\u2019a pas disparu. Le G20 para\u00eet un bien fr\u00eale rempart. Du c\u00f4t\u00e9 des BRICS, ou de certains d\u2019entre eux, le dynamisme s\u2019essouffle. L\u2019Union Europ\u00e9enne continue de marquer le pas. Sur le plan commercial, le multilat\u00e9ralisme semble moribond, cependant que les motivations d\u2019initiatives comme le TTIP ou le TPP sont au moins autant politiques qu\u2019\u00e9conomiques. en asie de l\u2019est, la s\u00e9curit\u00e9 est menac\u00e9e par de nombreux conflits territoriaux avec un \u00e9tat d\u2019esprit peu ouvert \u00e0 l\u2019id\u00e9e de r\u00e9conciliation. Le Moyen Orient est loin d\u2019avoir trouv\u00e9 un nouvel \u00e9quilibre. Un espoir est cependant n\u00e9 du c\u00f4t\u00e9 de l\u2019Iran.<\/p>\n<p style=\"text-align: justify;\">Dans un tel contexte, la WPC (World Policy Conference) a plus que jamais sa place. Pour pr\u00e9server les chances d\u2019un monde ouvert, les puissances moyennes doivent faire entendre leur voix. Par puissance moyenne, je comprends toute puissance r\u00e9gionale d\u00e9sireuse et capable d\u2019\u00e9largir la d\u00e9finition de ses int\u00e9r\u00eats pour embrasser la stabilit\u00e9 structurelle du syst\u00e8me international dans son ensemble et pour y contribuer. elles sont les v\u00e9ritables piliers de notre WPC, laquelle se voit aussi comme un club de nations responsables et tol\u00e9rantes, moins soucieuses d\u2019imposer leur id\u00e9ologie aux autres que de rechercher les voies et moyens d\u2019une coop\u00e9ration au b\u00e9n\u00e9fice de tous, dans le respect de chacun.<br \/>\nPour sa sixi\u00e8me \u00e9dition, la WPC reprend des th\u00e8mes incontournables comme la gouvernance \u00e9conomique mondiale, l\u2019\u00e9nergie et l\u2019environnement, la finance inter- nationale, la s\u00e9curit\u00e9 alimentaire, les risques \u00e9mergents ou, sur le plan r\u00e9gional, l\u2019asie, l\u2019afrique et le Moyen-Orient. en ce qui concerne l\u2019europe, nous avons choisi cette ann\u00e9e de mettre l\u2019accent sur deux questions essentielles. Tout d\u2019abord : peut-il exister dans la dur\u00e9e un \u201cmod\u00e8le social\u201c qui lui soit propre, tout en restant compatible avec la mondialisation ?<\/p>\n<p style=\"text-align: justify;\">Deuxi\u00e8me question : la mise en \u0153uvre du projet d\u2019Union bancaire, comme \u00e9tape essentielle de la consolidation de l\u2019eurozone et donc de l\u2019Union europ\u00e9enne elle-m\u00eame. Deux nouveaux th\u00e8mes font leur apparition, ou sont repris sous d\u2019autres formes que les ann\u00e9es pr\u00e9c\u00e9dentes : les d\u00e9fis du cyberespace, qu\u2019il faut d\u2019abord bien cerner, ce qui n\u2019est peut-\u00eatre pas encore tout \u00e0 fait le cas ; les rapports entre politique et religions, puisque dans le monde contemporain, h\u00e9las, plus que jamais, les religions sont instrumentalis\u00e9es dans les conflits et les guerres.<br \/>\nDans ce monde emport\u00e9s dans une course folle, nous pouvons parfois nous sentir accabl\u00e9s et impuissants. A quoi peut donc servir une entreprise comme la WPC ? Nous sommes r\u00e9solus \u00e0 pers\u00e9v\u00e9rer, car nous restons convaincus que des initiatives comme la n\u00f4tre, si modestes soient-elles, peuvent contribuer \u00e0 la sauvegarde du monde.<\/p>\n<p style=\"text-align: right;\"><strong>Thierry de MONTBRIAL<\/strong><br \/>\nPr\u00e9sident et fondateur de la WPC Directeur G\u00e9n\u00e9ral<br \/>\nFondateur de l\u2019Ifri (Institut fran\u00e7ais des relations internationales)<\/p>\n<p><\/div><\/div><div class=\"col\">[vc_single_image image=\u00a0\u00bb218&Prime; css_animation=\u00a0\u00bbbottom-to-top\u00a0\u00bb alignment=\u00a0\u00bbcenter\u00a0\u00bb img_link_target=\u00a0\u00bb_self\u00a0\u00bb img_size=\u00a0\u00bbfull\u00a0\u00bb]<div><br \/>\n[vc_single_image image=\u00a0\u00bb225&Prime; css_animation=\u00a0\u00bbbottom-to-top\u00a0\u00bb alignment=\u00a0\u00bbcenter\u00a0\u00bb img_link_target=\u00a0\u00bb_self\u00a0\u00bb img_size=\u00a0\u00bbfull\u00a0\u00bb]<br \/>\n<\/div><div><br \/>\n[vc_single_image image=\u00a0\u00bb226&Prime; css_animation=\u00a0\u00bbbottom-to-top\u00a0\u00bb alignment=\u00a0\u00bbcenter\u00a0\u00bb img_link_target=\u00a0\u00bb_self\u00a0\u00bb img_size=\u00a0\u00bbfull\u00a0\u00bb]<br \/>\n<\/div><\/div><\/div><\/p>","protected":false},"excerpt":{"rendered":"","protected":false},"author":1,"featured_media":0,"parent":0,"menu_order":0,"comment_status":"closed","ping_status":"open","template":"","meta":{"footnotes":""},"class_list":["post-2059","page","type-page","status-publish","hentry"],"_links":{"self":[{"href":"https:\/\/www.worldpolicyconference.com\/fr\/wp-json\/wp\/v2\/pages\/2059","targetHints":{"allow":["GET"]}}],"collection":[{"href":"https:\/\/www.worldpolicyconference.com\/fr\/wp-json\/wp\/v2\/pages"}],"about":[{"href":"https:\/\/www.worldpolicyconference.com\/fr\/wp-json\/wp\/v2\/types\/page"}],"author":[{"embeddable":true,"href":"https:\/\/www.worldpolicyconference.com\/fr\/wp-json\/wp\/v2\/users\/1"}],"replies":[{"embeddable":true,"href":"https:\/\/www.worldpolicyconference.com\/fr\/wp-json\/wp\/v2\/comments?post=2059"}],"version-history":[{"count":0,"href":"https:\/\/www.worldpolicyconference.com\/fr\/wp-json\/wp\/v2\/pages\/2059\/revisions"}],"wp:attachment":[{"href":"https:\/\/www.worldpolicyconference.com\/fr\/wp-json\/wp\/v2\/media?parent=2059"}],"curies":[{"name":"wp","href":"https:\/\/api.w.org\/{rel}","templated":true}]}}