{"id":208,"date":"2014-04-06T19:14:34","date_gmt":"2014-04-06T18:14:34","guid":{"rendered":"http:\/\/www.worldpolicyconference.com\/?page_id=208"},"modified":"2018-06-13T16:07:31","modified_gmt":"2018-06-13T15:07:31","slug":"2013-conference-venue","status":"publish","type":"page","link":"https:\/\/www.worldpolicyconference.com\/fr\/2013-conference-venue\/","title":{"rendered":"Lieu de conf\u00e9rence 2013"},"content":{"rendered":"<p><\/p>\n<h1>La Principaut\u00e9 de Monaco<\/h1>\n<p style=\"text-align: justify;\">\u00c9tat ind\u00e9pendant et souverain, la Principaut\u00e9 de Monaco est situ\u00e9e au bord de la mer M\u00e9diterran\u00e9e, sur la C\u00f4te d\u2019Azur, \u00e0 mi-chemin entre Nice et la fronti\u00e8re italienne, b\u00e9n\u00e9ficiant ainsi d\u2019un climat particuli\u00e8rement agr\u00e9able.<\/p>\n<p style=\"text-align: justify;\">C\u2019est le deuxi\u00e8me plus petit \u00c9tat ind\u00e9pendant au monde, apr\u00e8s le Vatican.<\/p>\n<p style=\"text-align: justify;\">Monaco est une ville-\u00c9tat ouverte sur le monde : pr\u00e8s de 125 nationalit\u00e9s y sont repr\u00e9sent\u00e9es. Parmi les r\u00e9sidents, 28 % sont fran\u00e7ais, 17 % italiens et 6 % britanniques. La langue officielle est le fran\u00e7ais mais l\u2019italien et l\u2019anglais sont aussi couramment pratiqu\u00e9s. La langue traditionnelle mon\u00e9gasque, le moneg\u00f9, est utilis\u00e9e par les anciens et est enseign\u00e9e dans les \u00e9coles de la Principaut\u00e9.<\/p>\n<p style=\"text-align: justify;\">D\u00e8s la plus haute antiquit\u00e9, le Rocher de Monaco a servi de refuge \u00e0 diff\u00e9rentes populations. Les premiers habitants s\u00e9dentaires \u00e9taient des Ligures qui ont \u00e9migr\u00e9 depuis la ville de G\u00eanes en Italie. Le 10 juin 1215 marque la naissance de la future Principaut\u00e9, la famille g\u00e9noise des Gibelins posait la premi\u00e8re pierre de la forteresse qui est aujourd\u2019hui le Palais Princier. D\u00e9pendante de la R\u00e9publique de G\u00eanes dont les Grimaldi \u00e9taient une des familles patriciennes, relativement autonome depuis 1297, la Principaut\u00e9 est devenue une monarchie constitutionnelle en 1911. Elle est dirig\u00e9e depuis 2005 par le Prince Souverain Albert II de Monaco. L\u2019histoire de Monaco est associ\u00e9e depuis 700 ans \u00e0 celle de la famille Grimaldi.<\/p>\n<p style=\"text-align: justify;\">La Principaut\u00e9 rec\u00e8le de nombreux attraits et elle est devenue un v\u00e9ritable carrefour d\u2019\u00e9changes et de rayonnement.<\/p>\n<p><\/p>","protected":false},"excerpt":{"rendered":"<p>La Principaut\u00e9 de Monaco \u00c9tat ind\u00e9pendant et souverain, la Principaut\u00e9 de Monaco est situ\u00e9e au bord de la mer M\u00e9diterran\u00e9e, sur la C\u00f4te d\u2019Azur, \u00e0 mi-chemin entre Nice et la<\/p>\n","protected":false},"author":1,"featured_media":0,"parent":0,"menu_order":0,"comment_status":"closed","ping_status":"open","template":"templates\/template-basic-split.php","meta":{"footnotes":""},"class_list":["post-208","page","type-page","status-publish","hentry"],"_links":{"self":[{"href":"https:\/\/www.worldpolicyconference.com\/fr\/wp-json\/wp\/v2\/pages\/208","targetHints":{"allow":["GET"]}}],"collection":[{"href":"https:\/\/www.worldpolicyconference.com\/fr\/wp-json\/wp\/v2\/pages"}],"about":[{"href":"https:\/\/www.worldpolicyconference.com\/fr\/wp-json\/wp\/v2\/types\/page"}],"author":[{"embeddable":true,"href":"https:\/\/www.worldpolicyconference.com\/fr\/wp-json\/wp\/v2\/users\/1"}],"replies":[{"embeddable":true,"href":"https:\/\/www.worldpolicyconference.com\/fr\/wp-json\/wp\/v2\/comments?post=208"}],"version-history":[{"count":0,"href":"https:\/\/www.worldpolicyconference.com\/fr\/wp-json\/wp\/v2\/pages\/208\/revisions"}],"wp:attachment":[{"href":"https:\/\/www.worldpolicyconference.com\/fr\/wp-json\/wp\/v2\/media?parent=208"}],"curies":[{"name":"wp","href":"https:\/\/api.w.org\/{rel}","templated":true}]}}