{"id":216,"date":"2014-04-06T21:30:53","date_gmt":"2014-04-06T20:30:53","guid":{"rendered":"http:\/\/www.worldpolicyconference.com\/?page_id=216"},"modified":"2021-09-24T17:38:50","modified_gmt":"2021-09-24T16:38:50","slug":"thierry-de-montbrial","status":"publish","type":"page","link":"https:\/\/www.worldpolicyconference.com\/fr\/thierry-de-montbrial\/","title":{"rendered":"Thierry de Montbrial"},"content":{"rendered":"<p>Thierry de Montbrial est le pr\u00e9sident de l\u2019Institut fran\u00e7ais des relations internationales qu\u2019il a fond\u00e9 en 1979. Il est professeur \u00e9m\u00e9rite au Conservatoire national des arts et m\u00e9tiers. En 2008, il a lanc\u00e9 la World Policy Conference. Il est membre de l\u2019Acad\u00e9mie des sciences morales et politiques de l\u2019Institut de France depuis 1992 et membre associ\u00e9 de nombreuses acad\u00e9mies \u00e9trang\u00e8res. Il si\u00e8ge au conseil ou au conseil consultatif de plusieurs institutions internationales.<\/p>\n<p>Thierry de Montbrial a dirig\u00e9 le d\u00e9partement de sciences \u00e9conomiques de l\u2019\u00c9cole Polytechnique entre 1974 et 1992. Il a \u00e9t\u00e9 le premier pr\u00e9sident de la Fondation de la recherche strat\u00e9gique (1993-2001). Il a mis sur pied le Centre d\u2019analyse et de pr\u00e9vision (actuellement Centre d\u2019analyse et de pr\u00e9vision strat\u00e9gique) du minist\u00e8re des Affaires \u00e9trang\u00e8res et en a \u00e9t\u00e9 le premier directeur (1973-1979).<\/p>\n<p>Il est l\u2019auteur de plus de vingt livres, certains traduits en plusieurs langues. Il est Grand Officier de la L\u00e9gion d\u2019honneur, Grand Officier de l\u2019Ordre national du M\u00e9rite et titulaire de nombreuses autres d\u00e9corations fran\u00e7aises et \u00e9trang\u00e8res. Thierry de Montbrial est ancien \u00e9l\u00e8ve de l\u2019\u00c9cole Polytechnique, docteur en \u00e9conomie math\u00e9matique de l\u2019Universit\u00e9 de Berkeley (Californie) et ancien ing\u00e9nieur g\u00e9n\u00e9ral au Corps des mines.<\/p>","protected":false},"excerpt":{"rendered":"<p>Thierry de Montbrial est le pr\u00e9sident de l\u2019Institut fran\u00e7ais des relations internationales qu\u2019il a fond\u00e9 en 1979. Il est professeur \u00e9m\u00e9rite au Conservatoire national des arts et m\u00e9tiers. En 2008,<\/p>\n","protected":false},"author":1,"featured_media":0,"parent":0,"menu_order":0,"comment_status":"closed","ping_status":"open","template":"templates\/template-basic-split.php","meta":{"footnotes":""},"class_list":["post-216","page","type-page","status-publish","hentry"],"_links":{"self":[{"href":"https:\/\/www.worldpolicyconference.com\/fr\/wp-json\/wp\/v2\/pages\/216","targetHints":{"allow":["GET"]}}],"collection":[{"href":"https:\/\/www.worldpolicyconference.com\/fr\/wp-json\/wp\/v2\/pages"}],"about":[{"href":"https:\/\/www.worldpolicyconference.com\/fr\/wp-json\/wp\/v2\/types\/page"}],"author":[{"embeddable":true,"href":"https:\/\/www.worldpolicyconference.com\/fr\/wp-json\/wp\/v2\/users\/1"}],"replies":[{"embeddable":true,"href":"https:\/\/www.worldpolicyconference.com\/fr\/wp-json\/wp\/v2\/comments?post=216"}],"version-history":[{"count":0,"href":"https:\/\/www.worldpolicyconference.com\/fr\/wp-json\/wp\/v2\/pages\/216\/revisions"}],"wp:attachment":[{"href":"https:\/\/www.worldpolicyconference.com\/fr\/wp-json\/wp\/v2\/media?parent=216"}],"curies":[{"name":"wp","href":"https:\/\/api.w.org\/{rel}","templated":true}]}}