{"id":2299,"date":"2014-07-30T16:21:41","date_gmt":"2014-07-30T15:21:41","guid":{"rendered":"http:\/\/www.worldpolicyconference.com\/?page_id=2299"},"modified":"2018-06-23T12:31:12","modified_gmt":"2018-06-23T11:31:12","slug":"2008-partners","status":"publish","type":"page","link":"https:\/\/www.worldpolicyconference.com\/fr\/2008-partners\/","title":{"rendered":"Partenaires 2008"},"content":{"rendered":"<p><div class=\"\" ><div class=\"grid grid-center\"><br \/>\n<div class=\"col \"><div class=\"partner text-center\" style=\"transform: scale(1)\"><a href=\"http:\/\/www.total.com\/\" target=\"_blank\"><img fetchpriority=\"high\" decoding=\"async\" width=\"525\" height=\"175\" src=\"https:\/\/www.worldpolicyconference.com\/wp-content\/uploads\/2016\/11\/total_energies_logo.png\" class=\"attachment-large size-large wp-post-image\" alt=\"\" title=\"Total\" srcset=\"https:\/\/www.worldpolicyconference.com\/wp-content\/uploads\/2016\/11\/total_energies_logo.png 600w, https:\/\/www.worldpolicyconference.com\/wp-content\/uploads\/2016\/11\/total_energies_logo-300x100.png 300w\" sizes=\"100vw\" \/><\/a><\/div><\/div><br \/>\n<\/div><\/div><br \/>\n<div class=\"\" ><div class=\"grid grid-center\"><br \/>\n<div class=\"col \"><div class=\"partner text-center\" style=\"transform: scale(0.8)\"><a href=\"http:\/\/rusal.ru\/en\/\" target=\"_blank\"><img decoding=\"async\" width=\"300\" height=\"120\" src=\"https:\/\/www.worldpolicyconference.com\/wp-content\/uploads\/2014\/07\/rusal.jpg\" class=\"attachment-large size-large wp-post-image\" alt=\"\" title=\"RUSAL\" sizes=\"100vw\" \/><\/a><\/div><\/div><br \/>\n<div class=\"col \"><div class=\"partner text-center\" style=\"transform: scale(0.8)\"><a href=\"http:\/\/www.generali.com\/generalicom\/\" target=\"_blank\"><img decoding=\"async\" width=\"300\" height=\"120\" src=\"https:\/\/www.worldpolicyconference.com\/wp-content\/uploads\/2014\/07\/generali.jpg\" class=\"attachment-large size-large wp-post-image\" alt=\"\" title=\"Generali\" sizes=\"100vw\" \/><\/a><\/div><\/div><br \/>\n<\/div><\/div><br \/>\n<div class=\"\" ><div class=\"grid grid-center\"><br \/>\n<div class=\"col \"><div class=\"partner text-center\" style=\"transform: scale(0.7)\"><a href=\"http:\/\/www.ocpgroup.ma\/ar\" target=\"_blank\"><img loading=\"lazy\" decoding=\"async\" width=\"300\" height=\"120\" src=\"https:\/\/www.worldpolicyconference.com\/wp-content\/uploads\/2014\/04\/ocp.png\" class=\"attachment-large size-large wp-post-image\" alt=\"\" title=\"OCP\" sizes=\"100vw\" \/><\/a><\/div><\/div><br \/>\n<div class=\"col \"><div class=\"partner text-center\" style=\"transform: scale(0.7)\"><a href=\"http:\/\/www.efginternational.com\/\" target=\"_blank\"><img loading=\"lazy\" decoding=\"async\" width=\"300\" height=\"100\" src=\"https:\/\/www.worldpolicyconference.com\/wp-content\/uploads\/2014\/04\/efg1.png\" class=\"attachment-large size-large wp-post-image\" alt=\"\" title=\"EFG International\" sizes=\"100vw\" \/><\/a><\/div><\/div><br \/>\n<div class=\"col \"><div class=\"partner text-center\" style=\"transform: scale(0.7)\"><img loading=\"lazy\" decoding=\"async\" width=\"300\" height=\"100\" src=\"https:\/\/www.worldpolicyconference.com\/wp-content\/uploads\/2018\/06\/orange.png\" class=\"attachment-large size-large wp-post-image\" alt=\"\" title=\"Orange\" sizes=\"100vw\" \/><\/div><\/div><br \/>\n<div class=\"col \"><div class=\"partner text-center\" style=\"transform: scale(0.7)\"><a href=\"http:\/\/www.gdfsuez.com\/\" target=\"_blank\"><img loading=\"lazy\" decoding=\"async\" width=\"300\" height=\"100\" src=\"https:\/\/www.worldpolicyconference.com\/wp-content\/uploads\/2014\/07\/gdf.jpg\" class=\"attachment-large size-large wp-post-image\" alt=\"\" title=\"GDF Suez\" sizes=\"100vw\" \/><\/a><\/div><\/div><br \/>\n<\/div><\/div><br \/>\n<div class=\"\" ><div class=\"grid grid-center\"><br \/>\n<div class=\"col \"><div class=\"partner text-center\" style=\"transform: scale(0.7)\"><img loading=\"lazy\" decoding=\"async\" width=\"300\" height=\"100\" src=\"https:\/\/www.worldpolicyconference.com\/wp-content\/uploads\/2018\/06\/ministere.png\" class=\"attachment-large size-large wp-post-image\" alt=\"\" title=\"Minist\u00e8re Des Affaires \u00c9trang\u00e8res Et Europ\u00e9ennes\" sizes=\"100vw\" \/><\/div><\/div><br \/>\n<div class=\"col \"><div class=\"partner text-center\" style=\"transform: scale(0.7)\"><img loading=\"lazy\" decoding=\"async\" width=\"300\" height=\"100\" src=\"https:\/\/www.worldpolicyconference.com\/wp-content\/uploads\/2018\/06\/citelum.png\" class=\"attachment-large size-large wp-post-image\" alt=\"\" title=\"Citelum\" sizes=\"100vw\" \/><\/div><\/div><br \/>\n<div class=\"col \"><div class=\"partner text-center\" style=\"transform: scale(0.7)\"><img loading=\"lazy\" decoding=\"async\" width=\"300\" height=\"100\" src=\"https:\/\/www.worldpolicyconference.com\/wp-content\/uploads\/2018\/06\/cegelec.png\" class=\"attachment-large size-large wp-post-image\" alt=\"\" title=\"Cegelec\" sizes=\"100vw\" \/><\/div><\/div><br \/>\n<div class=\"col \"><div class=\"partner text-center\" style=\"transform: scale(0.7)\"><img loading=\"lazy\" decoding=\"async\" width=\"300\" height=\"100\" src=\"https:\/\/www.worldpolicyconference.com\/wp-content\/uploads\/2018\/06\/philips.png\" class=\"attachment-large size-large wp-post-image\" alt=\"\" title=\"Philips\" sizes=\"100vw\" \/><\/div><\/div><br \/>\n<\/div><\/div><br \/>\n<div class=\"\" ><div class=\"grid grid-center\"><br \/>\n<div class=\"col \"><div class=\"partner text-center\" style=\"transform: scale(0.7)\"><a href=\"http:\/\/www.fondationzinsou.org\/\" target=\"_blank\"><img loading=\"lazy\" decoding=\"async\" width=\"300\" height=\"100\" src=\"https:\/\/www.worldpolicyconference.com\/wp-content\/uploads\/2014\/04\/zinsou.png\" class=\"attachment-large size-large wp-post-image\" alt=\"\" title=\"Fondation Zinsou\" sizes=\"100vw\" \/><\/a><\/div><\/div><br \/>\n<div class=\"col \"><div class=\"partner text-center\" style=\"transform: scale(0.7)\"><a href=\"http:\/\/www.kf.or.kr\/\" target=\"_blank\"><img loading=\"lazy\" decoding=\"async\" width=\"300\" height=\"100\" src=\"https:\/\/www.worldpolicyconference.com\/wp-content\/uploads\/2014\/11\/Logo-KoreaFoundation.jpg\" class=\"attachment-large size-large wp-post-image\" alt=\"\" title=\"Korea Fondation\" sizes=\"100vw\" \/><\/a><\/div><\/div><br \/>\n<\/div><\/div><\/p>\n","protected":false},"excerpt":{"rendered":"","protected":false},"author":1,"featured_media":0,"parent":0,"menu_order":0,"comment_status":"closed","ping_status":"open","template":"templates\/template-partners.php","meta":{"footnotes":""},"class_list":["post-2299","page","type-page","status-publish","hentry"],"_links":{"self":[{"href":"https:\/\/www.worldpolicyconference.com\/fr\/wp-json\/wp\/v2\/pages\/2299","targetHints":{"allow":["GET"]}}],"collection":[{"href":"https:\/\/www.worldpolicyconference.com\/fr\/wp-json\/wp\/v2\/pages"}],"about":[{"href":"https:\/\/www.worldpolicyconference.com\/fr\/wp-json\/wp\/v2\/types\/page"}],"author":[{"embeddable":true,"href":"https:\/\/www.worldpolicyconference.com\/fr\/wp-json\/wp\/v2\/users\/1"}],"replies":[{"embeddable":true,"href":"https:\/\/www.worldpolicyconference.com\/fr\/wp-json\/wp\/v2\/comments?post=2299"}],"version-history":[{"count":0,"href":"https:\/\/www.worldpolicyconference.com\/fr\/wp-json\/wp\/v2\/pages\/2299\/revisions"}],"wp:attachment":[{"href":"https:\/\/www.worldpolicyconference.com\/fr\/wp-json\/wp\/v2\/media?parent=2299"}],"curies":[{"name":"wp","href":"https:\/\/api.w.org\/{rel}","templated":true}]}}