{"id":2324,"date":"2014-07-31T15:56:24","date_gmt":"2014-07-31T14:56:24","guid":{"rendered":"http:\/\/www.worldpolicyconference.com\/?page_id=2324"},"modified":"2018-05-23T20:04:35","modified_gmt":"2018-05-23T19:04:35","slug":"wpc-foundation","status":"publish","type":"page","link":"https:\/\/www.worldpolicyconference.com\/fr\/wpc-foundation\/","title":{"rendered":"Fondation WPC"},"content":{"rendered":"<p><\/p>\n<p style=\"text-align: justify;\">La Fondation WPC est une fondation suisse reconnue d\u2019int\u00e9r\u00eat g\u00e9n\u00e9ral dont le si\u00e8ge est situ\u00e9 7 rue des Alpes, CH-1201 Gen\u00e8ve, immatricul\u00e9e au registre du Commerce de Gen\u00e8ve (N\u00b0 r\u00e9f. 20389\/2013 \u2013 N\u00b0 f\u00e9d. CH-660-3234013).<\/p>\n<p style=\"text-align: justify;\">Dans le cadre de ses buts, la Fondation s\u2019assigne notamment la mission de financer et superviser la <em>World Policy Conference<\/em>, conf\u00e9rence internationale constituant une tribune d\u2019\u00e9changes et de r\u00e9flexion sur l\u2019\u00e9conomie mondiale et les relations internationales, \u0153uvrant notamment \u00e0 l\u2019\u00e9volution de grands principes de gouvernance internationale, en particulier dans le domaine de l\u2019\u00e9conomie.<\/p>\n<p style=\"text-align: justify;\">La Fondation r\u00e9alise ses buts en ex\u00e9cutant ses missions dans le monde entier. Elle a un caract\u00e8re d\u2019utilit\u00e9 publique et ne vise aucun gain.<\/p>\n<p><\/p>","protected":false},"excerpt":{"rendered":"<p>La Fondation WPC est une fondation suisse reconnue d\u2019int\u00e9r\u00eat g\u00e9n\u00e9ral dont le si\u00e8ge est situ\u00e9 7 rue des Alpes, CH-1201 Gen\u00e8ve, immatricul\u00e9e au registre du Commerce de Gen\u00e8ve (N\u00b0 r\u00e9f.<\/p>\n","protected":false},"author":1,"featured_media":0,"parent":0,"menu_order":0,"comment_status":"closed","ping_status":"open","template":"templates\/template-basic-split.php","meta":{"footnotes":""},"class_list":["post-2324","page","type-page","status-publish","hentry"],"_links":{"self":[{"href":"https:\/\/www.worldpolicyconference.com\/fr\/wp-json\/wp\/v2\/pages\/2324","targetHints":{"allow":["GET"]}}],"collection":[{"href":"https:\/\/www.worldpolicyconference.com\/fr\/wp-json\/wp\/v2\/pages"}],"about":[{"href":"https:\/\/www.worldpolicyconference.com\/fr\/wp-json\/wp\/v2\/types\/page"}],"author":[{"embeddable":true,"href":"https:\/\/www.worldpolicyconference.com\/fr\/wp-json\/wp\/v2\/users\/1"}],"replies":[{"embeddable":true,"href":"https:\/\/www.worldpolicyconference.com\/fr\/wp-json\/wp\/v2\/comments?post=2324"}],"version-history":[{"count":0,"href":"https:\/\/www.worldpolicyconference.com\/fr\/wp-json\/wp\/v2\/pages\/2324\/revisions"}],"wp:attachment":[{"href":"https:\/\/www.worldpolicyconference.com\/fr\/wp-json\/wp\/v2\/media?parent=2324"}],"curies":[{"name":"wp","href":"https:\/\/api.w.org\/{rel}","templated":true}]}}