{"id":2916,"date":"2014-11-12T10:35:38","date_gmt":"2014-11-12T09:35:38","guid":{"rendered":"http:\/\/www.worldpolicyconference.com\/?page_id=2916"},"modified":"2018-06-13T16:21:35","modified_gmt":"2018-06-13T15:21:35","slug":"2014-conference-venue","status":"publish","type":"page","link":"https:\/\/www.worldpolicyconference.com\/fr\/2014-conference-venue\/","title":{"rendered":"Lieu de conf\u00e9rence 2014"},"content":{"rendered":"<p><\/p>\n<h1>S\u00e9oul<\/h1>\n<p style=\"text-align: justify;\">S\u00e9oul, capitale de la R\u00e9publique de Cor\u00e9e, est situ\u00e9e au centre de la p\u00e9ninsule cor\u00e9enne et travers\u00e9e par le fleuve Han. Elle compte plus de 10 millions d\u2019habitants dont de nombreux \u00e9trangers venant du monde entier.<\/p>\n<p style=\"text-align: justify;\">S\u00e9oul a toujours \u00e9t\u00e9 un important point strat\u00e9gique : c\u2019est le centre politique, \u00e9conomique, social, et culturel du pays. La ville est devenue la capitale du pays \u00e0 l\u2019av\u00e8nement de la dynastie Joseon (1392-1910). Elle s\u2019est ensuite d\u00e9velopp\u00e9e pour devenir la ville la plus importante du pays.<\/p>\n<p style=\"text-align: justify;\">Elle a accueilli les Jeux olympiques d\u2019\u00e9t\u00e9 en 1988 et la Coupe du monde de football en 2002.<\/p>\n<p style=\"text-align: justify;\">Au c\u0153ur de la ville se trouvent les palais royaux inscrits au patrimoine mondial de l\u2019UNESCO ainsi que des immeubles modernes regroupant de grandes institutions. Le plus grand centre commercial souterrain d\u2019Asie se trouve \u00e0 quelques pas des tombes royales datant du 15e si\u00e8cle. Un r\u00e9seau de m\u00e9tro tr\u00e8s important permet \u00e0 des millions de voyageurs de se d\u00e9placer quotidiennement.<\/p>\n<p style=\"text-align: justify;\">S\u00e9oul, capitale depuis plus de 600 ans, est une ville \u00e0 la fois moderne et traditionnelle, l\u2019h\u00e9ritage culturel y coexiste harmonieusement avec la modernit\u00e9.<\/p>\n<p><\/p>","protected":false},"excerpt":{"rendered":"<p>S\u00e9oul S\u00e9oul, capitale de la R\u00e9publique de Cor\u00e9e, est situ\u00e9e au centre de la p\u00e9ninsule cor\u00e9enne et travers\u00e9e par le fleuve Han. Elle compte plus de 10 millions d\u2019habitants dont<\/p>\n","protected":false},"author":1,"featured_media":0,"parent":0,"menu_order":0,"comment_status":"closed","ping_status":"open","template":"templates\/template-basic-split.php","meta":{"footnotes":""},"class_list":["post-2916","page","type-page","status-publish","hentry"],"_links":{"self":[{"href":"https:\/\/www.worldpolicyconference.com\/fr\/wp-json\/wp\/v2\/pages\/2916","targetHints":{"allow":["GET"]}}],"collection":[{"href":"https:\/\/www.worldpolicyconference.com\/fr\/wp-json\/wp\/v2\/pages"}],"about":[{"href":"https:\/\/www.worldpolicyconference.com\/fr\/wp-json\/wp\/v2\/types\/page"}],"author":[{"embeddable":true,"href":"https:\/\/www.worldpolicyconference.com\/fr\/wp-json\/wp\/v2\/users\/1"}],"replies":[{"embeddable":true,"href":"https:\/\/www.worldpolicyconference.com\/fr\/wp-json\/wp\/v2\/comments?post=2916"}],"version-history":[{"count":0,"href":"https:\/\/www.worldpolicyconference.com\/fr\/wp-json\/wp\/v2\/pages\/2916\/revisions"}],"wp:attachment":[{"href":"https:\/\/www.worldpolicyconference.com\/fr\/wp-json\/wp\/v2\/media?parent=2916"}],"curies":[{"name":"wp","href":"https:\/\/api.w.org\/{rel}","templated":true}]}}