{"id":4283,"date":"2015-07-23T15:30:35","date_gmt":"2015-07-23T14:30:35","guid":{"rendered":"http:\/\/www.worldpolicyconference.com\/?page_id=4283"},"modified":"2015-07-23T15:30:35","modified_gmt":"2015-07-23T14:30:35","slug":"the-world-policy-conference-2014","status":"publish","type":"page","link":"https:\/\/www.worldpolicyconference.com\/fr\/the-world-policy-conference-2014\/","title":{"rendered":"La World Policy Conference (2014)"},"content":{"rendered":"<p><div class=\"grid\"><div class=\"col\"><div><\/p>\n<h1>La mission de la <em>World Policy Conference<\/em><\/h1>\n<p style=\"text-align: center;\"><video width=\"600\" height=\"340\" controls=\"controls\"><source src=\"http:\/\/www.worldpolicyconference.com\/wp-content\/uploads\/2014\/07\/our-mission-2014-fr.mp4\" type=\"video\/mp4\" \/><source src=\"http:\/\/www.worldpolicyconference.com\/wp-content\/uploads\/2014\/07\/our-mission-2014-fr.webm\" type=\"video\/webm\" \/><source src=\"http:\/\/www.worldpolicyconference.com\/wp-content\/uploads\/2014\/07\/our-mission-2014-fr.ogv\" type=\"video\/ogg\" \/><object width=\"600\" height=\"340\" classid=\"clsid:d27cdb6e-ae6d-11cf-96b8-444553540000\" codebase=\"http:\/\/download.macromedia.com\/pub\/shockwave\/cabs\/flash\/swflash.cab#version=6,0,40,0\"><param name=\"src\" value=\"http:\/\/www.worldpolicyconference.com\/wp-includes\/js\/tinymce\/plugins\/media\/moxieplayer.swf\" \/><param name=\"flashvars\" value=\"url=\/wp-content\/uploads\/2014\/07\/our-mission-2014-fr.mp4&amp;poster=\/wp-admin\/\" \/><param name=\"allowfullscreen\" value=\"true\" \/><param name=\"allowscriptaccess\" value=\"true\" \/><embed width=\"600\" height=\"340\" type=\"application\/x-shockwave-flash\" src=\"http:\/\/www.worldpolicyconference.com\/wp-includes\/js\/tinymce\/plugins\/media\/moxieplayer.swf\" flashvars=\"url=\/wp-content\/uploads\/2014\/07\/our-mission-2014-fr.mp4&amp;poster=\/wp-admin\/\" allowfullscreen=\"true\" allowscriptaccess=\"true\" \/><\/object><\/p>\n<p><a href=\"http:\/\/62.210.75.247\/wpc\/wp-content\/uploads\/2014\/04\/wpc-tdm-en.mp4\" target=\"_blank\">T\u00e9l\u00e9charger la vid\u00e9o<\/a><\/video><\/p>\n<p style=\"text-align: justify;\">Fond\u00e9e en 2008, la <em>World Policy Conference<\/em> (WPC) est une organisation ind\u00e9pendante qui a pour objectif de contribuer \u00e0 am\u00e9liorer la gouvernance dans tous ses aspects, afin de promouvoir un monde plus ouvert, plus prosp\u00e8re, plus juste et respectueux de la diversit\u00e9 des \u00c9tats et des nations.<\/p>\n<p style=\"text-align: justify;\">Sa r\u00e9union annuelle, de dimension humaine, rassemble des personnalit\u00e9s de haut niveau originaires des cinq continents &#8211; dirigeants politiques et \u00e9conomiques, repr\u00e9sentants de la soci\u00e9t\u00e9 civile, chercheurs et journalistes &#8211; dans un climat de confiance et un esprit de tol\u00e9rance, pour r\u00e9fl\u00e9chir, d\u00e9battre et proposer des solutions constructives aux grands enjeux r\u00e9gionaux et internationaux.<\/p>\n<p><\/div><\/div><div class=\"col\">[vc_single_image image=\u00a0\u00bb218&Prime; css_animation=\u00a0\u00bbbottom-to-top\u00a0\u00bb alignment=\u00a0\u00bbcenter\u00a0\u00bb img_link_target=\u00a0\u00bb_self\u00a0\u00bb img_size=\u00a0\u00bbfull\u00a0\u00bb]<div><br \/>\n[vc_single_image image=\u00a0\u00bb225&Prime; css_animation=\u00a0\u00bbbottom-to-top\u00a0\u00bb alignment=\u00a0\u00bbcenter\u00a0\u00bb img_link_target=\u00a0\u00bb_self\u00a0\u00bb img_size=\u00a0\u00bbfull\u00a0\u00bb]<br \/>\n<\/div><div><br \/>\n[vc_single_image image=\u00a0\u00bb226&Prime; css_animation=\u00a0\u00bbbottom-to-top\u00a0\u00bb alignment=\u00a0\u00bbcenter\u00a0\u00bb img_link_target=\u00a0\u00bb_self\u00a0\u00bb img_size=\u00a0\u00bbfull\u00a0\u00bb]<br \/>\n<\/div><\/div><\/div><\/p>","protected":false},"excerpt":{"rendered":"","protected":false},"author":1,"featured_media":0,"parent":0,"menu_order":0,"comment_status":"closed","ping_status":"closed","template":"","meta":{"footnotes":""},"class_list":["post-4283","page","type-page","status-publish","hentry"],"_links":{"self":[{"href":"https:\/\/www.worldpolicyconference.com\/fr\/wp-json\/wp\/v2\/pages\/4283","targetHints":{"allow":["GET"]}}],"collection":[{"href":"https:\/\/www.worldpolicyconference.com\/fr\/wp-json\/wp\/v2\/pages"}],"about":[{"href":"https:\/\/www.worldpolicyconference.com\/fr\/wp-json\/wp\/v2\/types\/page"}],"author":[{"embeddable":true,"href":"https:\/\/www.worldpolicyconference.com\/fr\/wp-json\/wp\/v2\/users\/1"}],"replies":[{"embeddable":true,"href":"https:\/\/www.worldpolicyconference.com\/fr\/wp-json\/wp\/v2\/comments?post=4283"}],"version-history":[{"count":0,"href":"https:\/\/www.worldpolicyconference.com\/fr\/wp-json\/wp\/v2\/pages\/4283\/revisions"}],"wp:attachment":[{"href":"https:\/\/www.worldpolicyconference.com\/fr\/wp-json\/wp\/v2\/media?parent=4283"}],"curies":[{"name":"wp","href":"https:\/\/api.w.org\/{rel}","templated":true}]}}