{"id":46,"date":"2014-04-03T13:36:37","date_gmt":"2014-04-03T12:36:37","guid":{"rendered":"http:\/\/www.worldpolicyconference.com\/?page_id=46"},"modified":"2021-02-15T11:31:17","modified_gmt":"2021-02-15T10:31:17","slug":"an-ifris-initiative","status":"publish","type":"page","link":"https:\/\/www.worldpolicyconference.com\/fr\/an-ifris-initiative\/","title":{"rendered":"Une initiative de l&rsquo;Ifri"},"content":{"rendered":"<p>Cr\u00e9\u00e9 par Thierry de Montbrial en 1979 sur le mod\u00e8le des <em>think tanks<\/em> anglo-saxons, <strong>l\u2019Ifri (Institut fran\u00e7ais des relations internationales)<\/strong> est en France le principal institut de recherche et de d\u00e9bat ind\u00e9pendant consacr\u00e9 \u00e0 l\u2019analyse des questions internationales et de gouvernance mondiale.<\/p>\n<p>Class\u00e9 ces trois derni\u00e8res ann\u00e9es dans\u00a0<strong>le trio de t\u00eate des\u00a0<em>think tanks<\/em>\u00a0les plus influents au monde<\/strong>\u00a0par le\u00a0<em>Global Go To Think Tank Index Report<\/em>* de l\u2019Universit\u00e9 de Pennsylvanie, l&rsquo;Ifri occupe \u00e9galement en 2019 le\u00a0<strong>3e rang du classement g\u00e9n\u00e9ral.<\/strong><\/p>\n<p>L\u2019Ifri a pour mission d\u2019\u00e9clairer et de mettre en perspective les grands \u00e9v\u00e9nements internationaux. Il s\u2019adresse prioritairement aux d\u00e9cideurs politiques, \u00e9conomiques, aux milieux acad\u00e9miques, aux leaders d\u2019opinion ainsi qu\u2019aux repr\u00e9sentants des soci\u00e9t\u00e9s civiles.<\/p>\n<p>L&rsquo;Ifri est pr\u00e9sid\u00e9 par son fondateur, Thierry de Montbrial. Son directeur est Thomas Gomart. L\u2019institut r\u00e9unit une \u00e9quipe plurinationale de cinquante collaborateurs. Les chercheurs permanents sont r\u00e9partis dans <u>10\u00a0<\/u><u>unit\u00e9s de recherche<\/u> autour <em>de questions r\u00e9gionales : <\/em><strong>Europe, Russie\/NEI, Asie, Am\u00e9rique du Nord (\u00c9tats-Unis et Canada), Afrique sub-saharienne, Turquie\/Moyen-Orient<\/strong> et <em>de questions transversales : <\/em><strong>S\u00e9curit\u00e9 et affaires strat\u00e9giques, \u00c9nergie, Espace, Migrations et Citoyennet\u00e9. <\/strong><\/p>\n<p>Les travaux et d\u00e9bats de l\u2019Ifri trouvent \u00e9cho dans deux publications de r\u00e9f\u00e9rence \u2013 la revue trimestrielle <em>Politique \u00e9trang\u00e8re<\/em> et le rapport annuel <em>RAMSES<\/em> \u2013 ainsi que dans une s\u00e9rie de <em>collections num\u00e9riques<\/em>. L\u2019Ifri diffuse ses analyses en quatre langues : fran\u00e7ais, anglais, allemand, russe.<\/p>\n<p>Le site Internet <u>www.ifri.org<\/u> b\u00e9n\u00e9ficie de plus d&rsquo;<strong>un<\/strong> <strong>million de visites en 2019<\/strong>. L\u2019Ifri est \u00e9galement tr\u00e8s pr\u00e9sent dans l\u2019espace m\u00e9diatique avec plus de 100 articles et interviews, pr\u00e8s de 400 interventions audiovisuelles et plus de 3 500 citations et mentions dans la presse fran\u00e7aise et \u00e9trang\u00e8re.<\/p>\n<p>L\u2019Institut est tr\u00e8s actif sur <em>Facebook, Twitter, Google+ <\/em>et<em> LinkedIn. <\/em>Plus de 150 vid\u00e9os sont disponibles sur <em>Youtube<\/em>. Les publications num\u00e9riques de l\u2019Ifri sont diffus\u00e9es sur <em>Pearltrees, Scribd <\/em>et <em>Calam\u00e9o<\/em>.<\/p>\n<p style=\"text-align: justify;\">L\u2019Ifri organise chaque ann\u00e9e plus de 130 conf\u00e9rences et d\u00e9bats \u00e0 Paris et \u00e0 l\u2019\u00e9tranger, une dizaine d\u2019\u00e9v\u00e9nements internationaux, ainsi que de nombreux workshops et s\u00e9minaires. L\u2019Ifri accueille de nombreuses hautes personnalit\u00e9s fran\u00e7aises et \u00e9trang\u00e8res, dont plusieurs chefs d\u2019\u00c9tat et de gouvernement.<\/p>\n<p class=\"rtejustify\">En 2019,\u00a0<strong>l\u2019Ifri a c\u00e9l\u00e9br\u00e9 son\u00a040\u00e8me anniversaire\u00a0<\/strong>en pr\u00e9sence de nombreuses personnalit\u00e9s fran\u00e7aises et \u00e9trang\u00e8res<\/p>\n<p class=\"rtejustify\">En 2019, l\u2019Ifri a \u00e9galement particip\u00e9, pour la deuxi\u00e8me ann\u00e9e cons\u00e9cutive, en tant que membre fondateur, au\u00a0<strong>Forum de Paris sur la Paix<\/strong>, sous le patronage du pr\u00e9sident de la R\u00e9publique.<\/p>\n<p>&nbsp;<\/p>\n<p>*<strong><a href=\"https:\/\/repository.upenn.edu\/cgi\/viewcontent.cgi?article=1018&amp;context=think_tanks\" target=\"_blank\" rel=\"noopener\">\u201cGlobal Go To Think Tank Index Report 2019\u201d<\/a>,\u00a0<\/strong>James G.\u00a0McGann, Ph.D., Director,\u00a0<em>The Think Tanks and Civil Societies Program<\/em>, Foreign Policy Research Institute, University of Pennsylvania, USA.<\/p>","protected":false},"excerpt":{"rendered":"<p>Cr\u00e9\u00e9 par Thierry de Montbrial en 1979 sur le mod\u00e8le des think tanks anglo-saxons, l\u2019Ifri (Institut fran\u00e7ais des relations internationales) est en France le principal institut de recherche et de<\/p>\n","protected":false},"author":1,"featured_media":0,"parent":0,"menu_order":0,"comment_status":"open","ping_status":"open","template":"templates\/template-basic-split.php","meta":{"footnotes":""},"class_list":["post-46","page","type-page","status-publish","hentry"],"_links":{"self":[{"href":"https:\/\/www.worldpolicyconference.com\/fr\/wp-json\/wp\/v2\/pages\/46","targetHints":{"allow":["GET"]}}],"collection":[{"href":"https:\/\/www.worldpolicyconference.com\/fr\/wp-json\/wp\/v2\/pages"}],"about":[{"href":"https:\/\/www.worldpolicyconference.com\/fr\/wp-json\/wp\/v2\/types\/page"}],"author":[{"embeddable":true,"href":"https:\/\/www.worldpolicyconference.com\/fr\/wp-json\/wp\/v2\/users\/1"}],"replies":[{"embeddable":true,"href":"https:\/\/www.worldpolicyconference.com\/fr\/wp-json\/wp\/v2\/comments?post=46"}],"version-history":[{"count":0,"href":"https:\/\/www.worldpolicyconference.com\/fr\/wp-json\/wp\/v2\/pages\/46\/revisions"}],"wp:attachment":[{"href":"https:\/\/www.worldpolicyconference.com\/fr\/wp-json\/wp\/v2\/media?parent=46"}],"curies":[{"name":"wp","href":"https:\/\/api.w.org\/{rel}","templated":true}]}}