{"id":5326,"date":"2015-11-13T10:33:20","date_gmt":"2015-11-13T09:33:20","guid":{"rendered":"http:\/\/www.worldpolicyconference.com\/?page_id=5326"},"modified":"2018-06-13T17:07:01","modified_gmt":"2018-06-13T16:07:01","slug":"2015-conference-venue","status":"publish","type":"page","link":"https:\/\/www.worldpolicyconference.com\/fr\/2015-conference-venue\/","title":{"rendered":"Lieu de conf\u00e9rence 2015"},"content":{"rendered":"<p><\/p>\n<h1>Montreux<\/h1>\n<p style=\"text-align: justify;\">Ville de 26 000 habitants nich\u00e9e entre le lac L\u00e9man et les Alpes, Montreux est un lieu nourri par la musique et les \u00e9v\u00e9nements qui s&rsquo;y d\u00e9roulent.<\/p>\n<p>C\u00e9l\u00e8bre notamment pour son festival de musique, qui a lieu au mois de juillet, Montreux accueille chaque ann\u00e9e et ce depuis 1967 les grands noms du Jazz : de Nina Simone \u00e0 Quincy Jones en passant par Miles Davis, la musique fait partie int\u00e9grante de la ville.<\/p>\n<p>Station de congr\u00e8s et de conf\u00e9rences, le Fairmont Montreux Palace a re\u00e7u en 1936 plus de 500 diplomates, r\u00e9unis pour la signature du Trait\u00e9 des Dardanelles.<\/p>\n<p>En 2010, l\u2019h\u00f4tel est le th\u00e9\u00e2tre du 13<sup>e<\/sup> Sommet de la Francophonie, et en 2014, de la conf\u00e9rence internationale de Paix sur la Syrie, dite \u00ab Gen\u00e8ve II \u00bb, sous la pr\u00e9sidence du Secr\u00e9taire g\u00e9n\u00e9ral des Nations Unies, Ban Ki-moon.<\/p>\n<p style=\"text-align: center;\"><a class=\"button\" href=\"http:\/\/www.worldpolicyconference.com\/fr\/fairmont-montreux-palace\">Fairmont Montreux Palace<\/a><\/p>\n<p><\/p>","protected":false},"excerpt":{"rendered":"<p>Montreux Ville de 26 000 habitants nich\u00e9e entre le lac L\u00e9man et les Alpes, Montreux est un lieu nourri par la musique et les \u00e9v\u00e9nements qui s&rsquo;y d\u00e9roulent. C\u00e9l\u00e8bre notamment<\/p>\n","protected":false},"author":1,"featured_media":0,"parent":0,"menu_order":0,"comment_status":"closed","ping_status":"closed","template":"templates\/template-basic-split.php","meta":{"footnotes":""},"class_list":["post-5326","page","type-page","status-publish","hentry"],"_links":{"self":[{"href":"https:\/\/www.worldpolicyconference.com\/fr\/wp-json\/wp\/v2\/pages\/5326","targetHints":{"allow":["GET"]}}],"collection":[{"href":"https:\/\/www.worldpolicyconference.com\/fr\/wp-json\/wp\/v2\/pages"}],"about":[{"href":"https:\/\/www.worldpolicyconference.com\/fr\/wp-json\/wp\/v2\/types\/page"}],"author":[{"embeddable":true,"href":"https:\/\/www.worldpolicyconference.com\/fr\/wp-json\/wp\/v2\/users\/1"}],"replies":[{"embeddable":true,"href":"https:\/\/www.worldpolicyconference.com\/fr\/wp-json\/wp\/v2\/comments?post=5326"}],"version-history":[{"count":0,"href":"https:\/\/www.worldpolicyconference.com\/fr\/wp-json\/wp\/v2\/pages\/5326\/revisions"}],"wp:attachment":[{"href":"https:\/\/www.worldpolicyconference.com\/fr\/wp-json\/wp\/v2\/media?parent=5326"}],"curies":[{"name":"wp","href":"https:\/\/api.w.org\/{rel}","templated":true}]}}