{"id":6838,"date":"2016-08-24T15:59:12","date_gmt":"2016-08-24T14:59:12","guid":{"rendered":"https:\/\/www.worldpolicyconference.com\/?page_id=6838"},"modified":"2018-06-13T17:18:00","modified_gmt":"2018-06-13T16:18:00","slug":"2016-conference-venue","status":"publish","type":"page","link":"https:\/\/www.worldpolicyconference.com\/fr\/2016-conference-venue\/","title":{"rendered":"Lieu de conf\u00e9rence 2016"},"content":{"rendered":"<p><\/p>\n<h1>Doha<\/h1>\n<p class=\"text-justify\">Doha, qui signifie litt\u00e9ralement \u00ab le grand arbre \u00bb, est la capitale du Qatar. Fond\u00e9 en 1850, ce petit port de p\u00eache s\u2019est construit autour de la p\u00eache des perles, activit\u00e9 qui a largement influenc\u00e9 l\u2019art et l\u2019architecture des \u00e9difices de la capitale. Doha est situ\u00e9e sur le golfe Persique, il s\u2019agit de la plus grande ville et du centre \u00e9conomique du pays, abritant avec sa proche banlieue plus de 80 % de la population du Qatar.<\/p>\n<p class=\"text-justify\">Doha est une ville qui offre un m\u00e9lange riche de culture et d\u2019architecture \u2013 que l\u2019on peut notamment d\u00e9couvrir au mus\u00e9e d&rsquo;Art islamique, bijou architectural sign\u00e9 Ieoh Ming Pei \u2013 de paysages, tel que le d\u00e9sert qui offre des rencontres silencieuses avec les fauconniers qui s\u2019entra\u00eenent. Il s\u2019agit d\u2019un art ancestral devenu un sport.<\/p>\n<p class=\"text-justify\">De grandes manifestations sportives ont r\u00e9guli\u00e8rement lieu dans la capitale comme les Jeux asiatiques de 2006 ou l&rsquo;open de tennis de Doha. La ville se pr\u00e9pare \u00e0 accueillir plusieurs matches de la coupe du monde de football de 2022 organis\u00e9e par le Qatar.<\/p>\n<p class=\"text-justify\">De nombreuses conf\u00e9rences internationales ont lieu \u00e0 Doha. Ainsi la capitale a par exemple accueilli la premi\u00e8re r\u00e9union du cycle de Doha pour le d\u00e9veloppement des n\u00e9gociations de l&rsquo;Organisation mondiale du commerce (OMC) en 2001, le sommet sur le changement climatique en 2012 ou encore la 38e session du Comit\u00e9 du patrimoine mondial de l&rsquo;UNESCO en 2014.<\/p>\n<h2>Sheraton Hotel<\/h2>\n<p><strong>Le Sheraton Grand Doha Resort &#038; Convention Hotel<\/strong> accueillera la 9\u00e8me \u00e9dition de la World Policy Conference. De nombreuses conf\u00e9rences internationales se sont d\u00e9roul\u00e9es dans ce luxueux h\u00f4tel, \u00e0 l\u2019instar de la 4e Conf\u00e9rence minist\u00e9rielle de l\u2019OMC en 2001, et plus r\u00e9cemment du sommet de l\u2019OPEP. R\u00e9cemment r\u00e9nov\u00e9, le Sheraton a su conserver son ancien d\u00e9cor et son authenticit\u00e9.<\/p>\n<h3><i class=\"fa fa-map-marker fa-lg fa-2x\" style=\"color: #2980b9; margin-right: 5px;\"><\/i> Adresse<\/h3>\n<p>Sheraton Grand Doha Resort &#038; Convention Hotel<br \/>\nAl Corniche Street,<br \/>\nP.O. Box 6000<br \/>\nDoha, Qatar<\/p>\n<h3><i class=\"fa fa-phone fa-lg fa-2x\" style=\"color: #2980b9; margin-right: 5px;\"><\/i> T\u00e9l\u00e9phone<\/h3>\n<p>(974) 4485 4444<\/p>","protected":false},"excerpt":{"rendered":"<p>Doha Doha, qui signifie litt\u00e9ralement \u00ab le grand arbre \u00bb, est la capitale du Qatar. Fond\u00e9 en 1850, ce petit port de p\u00eache s\u2019est construit autour de la p\u00eache des<\/p>\n","protected":false},"author":1,"featured_media":0,"parent":0,"menu_order":0,"comment_status":"closed","ping_status":"closed","template":"templates\/template-basic-split.php","meta":{"footnotes":""},"class_list":["post-6838","page","type-page","status-publish","hentry"],"_links":{"self":[{"href":"https:\/\/www.worldpolicyconference.com\/fr\/wp-json\/wp\/v2\/pages\/6838","targetHints":{"allow":["GET"]}}],"collection":[{"href":"https:\/\/www.worldpolicyconference.com\/fr\/wp-json\/wp\/v2\/pages"}],"about":[{"href":"https:\/\/www.worldpolicyconference.com\/fr\/wp-json\/wp\/v2\/types\/page"}],"author":[{"embeddable":true,"href":"https:\/\/www.worldpolicyconference.com\/fr\/wp-json\/wp\/v2\/users\/1"}],"replies":[{"embeddable":true,"href":"https:\/\/www.worldpolicyconference.com\/fr\/wp-json\/wp\/v2\/comments?post=6838"}],"version-history":[{"count":0,"href":"https:\/\/www.worldpolicyconference.com\/fr\/wp-json\/wp\/v2\/pages\/6838\/revisions"}],"wp:attachment":[{"href":"https:\/\/www.worldpolicyconference.com\/fr\/wp-json\/wp\/v2\/media?parent=6838"}],"curies":[{"name":"wp","href":"https:\/\/api.w.org\/{rel}","templated":true}]}}